{"id":1321,"date":"2020-09-28T20:17:52","date_gmt":"2020-09-28T18:17:52","guid":{"rendered":"https:\/\/flowguard.io\/reseni-pro-isp\/"},"modified":"2021-03-26T17:54:45","modified_gmt":"2021-03-26T16:54:45","slug":"solution-for-isp","status":"publish","type":"page","link":"https:\/\/flowguard.io\/en\/solution-for\/solution-for-isp\/","title":{"rendered":"ISP"},"content":{"rendered":"\n\t\t\t\t<img decoding=\"async\" src=\"https:\/\/flowguard.io\/assets\/uploads\/sites\/1325\/2020\/11\/Ikona-ISP.svg\" alt=\"Internet Service Provider \" height=\"57.6px\" width=\"60.5px\" title=\"Ikona-ISP\" \/>\n\t<h1>\n\t\t\t\tSolution for ISP\n\t\t\t<\/h1>\n\t\t<p>We have a top FlowGuard technology for you to protect your network infrastructure and data centers. We also offer assistance in fulfilling legal obligations within Data Retention.<\/p>\t\n\t\t\t\t<img decoding=\"async\" src=\"https:\/\/flowguard.io\/assets\/uploads\/sites\/1325\/2020\/10\/Ilustrace-ISP.svg\" alt=\"Ilustrace ISP\" height=\"350.6px\" width=\"692.4px\" title=\"Ilustrace-ISP\" \/>\n\t\t\t<a href=\"https:\/\/flowguard.io\/en\/flowguard-data-retention\/\" target=\"_self\" role=\"button\" rel=\"noopener\">\n\t\t\t\t\t\tData Retention\n\t\t\t\t\t<\/a>\n\t\t\t<a href=\"https:\/\/flowguard.io\/en\/flowguard-infrastructure-protection\/\" target=\"_self\" role=\"button\" rel=\"noopener\">\n\t\t\t\t\t\tNetwork infrastructure Protection\n\t\t\t\t\t<\/a>\n\t\t\t<a href=\"https:\/\/flowguard.io\/threat-intelligence\/\" target=\"_self\" role=\"button\" rel=\"noopener\">\n\t\t\t\t\t\tThreat Intelligence\n\t\t\t\t\t<\/a>\n\t<h2>\n\t\t\t\tContinuous connectivity makes a stable basis for your business\n\t\t\t<\/h2>\n\t\t<p>As an ISP providers, you certainly know that a DDoS attack can significantly reduce or prevent any legal traffic in your network infrastructure. The routes may be congested, the network elements may collapse and finally a part of the network may be cut off. The consequences will be held by customers and their end customers. In addition to dealing with the technical consequences, you will face an unpleasant explanation of complaints about network malfunctions and possible loss of reputation.\u00a0The only effective defense is to capture the increased data flow in a timely manner so that congestion does not occur. FlowGuard jis a flow-based technology that protects you against DDoS, including volumetric attacks. Using clever algorithms, self-learning mechanisms and monitoring, it detects where the attack is headed, ensures the passage of legitimate traffic. The permanent availability of services is thus ensured.\u00a0Jf you are an ISP provider registered with the \u010cT\u00da (Czech Telecommunications Office), FlowGuard will also support you in the legislative obligation of\u00a0 <a href=\"https:\/\/flowguard.io\/flowguard-data-retention\/\">Data Retention<\/a> relating to data retention.\u00a0If you are interested to protect better your business, contact us. Like you, we are experts in our field and together we come up with the best solution.<\/p>\t\n<h2>\n\t\tISP Needs\n\t<\/h2>\n\t\t\t\t<a href=\"https:\/\/flowguard.io\/en\/flowguard-data-retention\/\" target=\"_self\" rel=\"nofollow noopener\">\n\t\t\t\t<img decoding=\"async\" src=\"https:\/\/flowguard.io\/assets\/uploads\/sites\/1325\/2020\/11\/Logo-FG-DR.svg\" alt=\"Logo FlowGuard Infrastructure Protection_blue\" height=\"74.1px\" width=\"298.8px\" title=\"Logo FG DR\" \/>\n\t\t\t\t<\/a>\n\t<a href=\"https:\/\/flowguard.io\/en\/flowguard-data-retention\/\" target=\"_self\" rel=\"nofollow noopener\"><\/a> \n\t\t\t<h4>Fulfillment of legislative requirements &#8211; Data Retention<\/h4>\t\t\t\n\t\t\t\t<p>The remotely accessible cloud solution FlowGuard Data Retention is without obligations and meets all legislative requirements of the Electronic Communications Act without affecting the quality of provided services.<\/p>\n\t\t\t\t<a href=\"https:\/\/flowguard.io\/en\/flowguard-infrastructure-protection\/\" target=\"_self\" rel=\"nofollow noopener\">\n\t\t\t\t<img decoding=\"async\" src=\"https:\/\/flowguard.io\/assets\/uploads\/sites\/1325\/2020\/11\/Logo-FG-IP_.svg\" alt=\"Logo FlowGuard Ingrastructure Protection_blue\" height=\"75px\" width=\"333px\" title=\"Logo FG IP_\" \/>\n\t\t\t\t<\/a>\n\t<a href=\"https:\/\/flowguard.io\/en\/flowguard-infrastructure-protection\/\" target=\"_self\" rel=\"nofollow noopener\"><\/a> \n\t\t\t<h4>Protected network infrastructure<\/h4>\t\t\t\n\t\t\t\t<p>FlowGuard Infrastructure Protection is a comprehensive service based on the latest knowledge in the field of IT, ensuring the constant availability of network services for the customer or his end customers.<\/p>\n\t\t\t\t<a href=\"https:\/\/flowguard.io\/flowguard-reputation-database\/\" target=\"_self\" rel=\"nofollow noopener\">\n\t\t\t\t<img decoding=\"async\" src=\"https:\/\/flowguard.io\/assets\/uploads\/sites\/1325\/2020\/11\/Logo-FG-RD.svg\" alt=\"Logo FlowGuard Reputation Database_blue\" height=\"74.3px\" width=\"298px\" title=\"Logo FG RD\" \/>\n\t\t\t\t<\/a>\n\t<a href=\"https:\/\/flowguard.io\/flowguard-reputation-database\/\" target=\"_self\" rel=\"nofollow noopener\"><\/a> \n\t\t\t<h4>\u0158\u00edzen\u00ed kybernetick\u00fdch hrozeb &#8211; reputa\u010dn\u00ed datab\u00e1ze<\/h4>\t\t\t\n\t\t\t\t<p>Mnoho \u00fatok\u016f se spou\u0161t\u00ed z internetov\u00fdch zdroj\u016f, kter\u00e9 jsou poskytov\u00e1ny \u010dist\u011b pro \u0161kodliv\u00e9 \u00famysly. Tyto \u0161kodliv\u00e9 zdroje lze identifikovat a blokovat p\u0159ed povolen\u00edm p\u0159\u00edstupu u\u017eivatel\u016f k t\u011bmto zdroj\u016fm, a tak zastavit \u00fatok d\u0159\u00edve, ne\u017e k n\u011bmu m\u016f\u017ee doj\u00edt.<\/p>\n\t<h2>\n\t\t\t\tHow to start with FlowGuard?\n\t\t\t<\/h2>\n\t\t<p>Contact us and we will get back to you. We make an appointment to find out what are your need. Together we come up with a solution exactly for you. So it only takes a few weeks from filling in the form until you are fully protected. Well, then you can just focus on your business. That sounds good, doesn`t it?<\/p>\n\t\t\t<a href=\"https:\/\/flowguard.io\/en\/contact\/\" target=\"_self\" role=\"button\" rel=\"noopener\">\n\t\t\t\t\t\tLeave contact\n\t\t\t\t\t<\/a>\n<h3>\n\t\tWhy FlowGuard? \n\t<\/h3>\n\t\t\t\t<img decoding=\"async\" src=\"https:\/\/flowguard.io\/assets\/uploads\/sites\/1325\/2021\/02\/dohledove-centrum.png\" alt=\"Dohledov\u00e9 centrum\" title=\"dohledove_centrum\" \/>\n\t\t\t\t<p><strong>24 \/ 7 <\/strong>Monitoring center<\/p>\n\t\t\t\t<img decoding=\"async\" src=\"https:\/\/flowguard.io\/assets\/uploads\/sites\/1325\/2020\/11\/HP-lightbulb.svg\" alt=\"Icon Anti ddos attack software\" title=\"HP lightbulb\" \/>\n\t\t<h3>Smart attack detection<\/h3>\t\t\t\n\t\t\t\t<p>Machine learning and artificial intelligence help us to be on step ahead of the attackers.<\/p>\n\t\t\t\t<img decoding=\"async\" src=\"https:\/\/flowguard.io\/assets\/uploads\/sites\/1325\/2020\/11\/HP-shield.svg\" alt=\"Icon Shield DDoS Protection FlowGuard\" title=\"HP shield\" \/>\n\t\t<h3>Tested in practice<\/h3>\t\t\t\n\t\t\t\t<p>We continuously adjust the functionalities according to the current situation, e.g. size and attack vectors. <\/p>\n\t\t\t\t<img decoding=\"async\" src=\"https:\/\/flowguard.io\/assets\/uploads\/sites\/1325\/2020\/11\/HP-cloud.svg\" alt=\"Icon FlowGuard Cloud\" title=\"HP cloud\" \/>\n\t\t<h3>Fast cloud solution<\/h3>\t\t\t\n\t\t\t\t<p>We provide you with smooth operation, logging, 24\/7 monitoring or cleaning from malicious code.<\/p>\n\t\t\t<a href=\"https:\/\/flowguard.io\/en\/benefits-of-flowguard\/\" target=\"_self\" role=\"button\" rel=\"noopener\">\n\t\t\t\t\t\t\tMore about FlowGuard benefits\n\t\t\t\t\t<\/a>\n\t\t\t<a href=\"https:\/\/flowguard.io\/en\/contact\/#formular\" target=\"_self\" role=\"button\" rel=\"noopener\">\n\t\t\t\t\t\t\tI want to be protected \n\t\t\t\t\t<\/a>\n\t\t\t\t<a href=\"https:\/\/flowguard.io\/en\/\" target=\"_self\" rel=\"noopener\">\n\t\t\t\t<img decoding=\"async\" src=\"https:\/\/flowguard.io\/assets\/uploads\/sites\/1325\/2020\/11\/logo-FlowGuard-white.svg\" alt=\"Logo FlowGuard_white\" height=\"49px\" width=\"166px\" title=\"logo FlowGuard white\" \/>\n\t\t\t\t<\/a>\n\t<a href=\"https:\/\/flowguard.io\/en\/demo\/\" target=\"_self\" rel=\"nofollow noopener\"><\/a>\t\t\n\t\t\t\t<img decoding=\"async\" src=\"https:\/\/flowguard.io\/assets\/uploads\/sites\/1325\/2020\/12\/small-arrow-white.svg\" alt=\"Icon Demo FlowGuard\" title=\"small arrow white\" \/>\n\t\t\t<p>Demo<\/p>\t\t\t\n\t<a href=\"https:\/\/flowguard.io\/en\/contact\/\" target=\"_self\" rel=\"nofollow noopener\"><\/a>\t\t\n\t\t\t\t<img decoding=\"async\" src=\"https:\/\/flowguard.io\/assets\/uploads\/sites\/1325\/2020\/12\/small-phone-white.svg\" alt=\"Icon Hotline FlowGuard\" title=\"small phone white\" \/>\n\t\t\t<p>Hotline<\/p>\t\t\t\n\t<p>Leave a message<\/p>\n\t<p>\u00a9 ComSource 2021<\/p>\n","protected":false},"excerpt":{"rendered":"<p>Solution for ISP We have a top FlowGuard technology for you to protect your network infrastructure and data centers. We also offer assistance in fulfilling legal obligations within Data Retention. Data Retention Network infrastructure Protection Threat Intelligence Continuous connectivity makes a stable basis for your business As an ISP providers, you certainly know that a&hellip;<\/p>\n","protected":false},"author":2232,"featured_media":0,"parent":1443,"menu_order":0,"comment_status":"closed","ping_status":"closed","template":"","meta":{"inline_featured_image":false,"footnotes":""},"class_list":["post-1321","page","type-page","status-publish","hentry"],"_links":{"self":[{"href":"https:\/\/flowguard.io\/en\/wp-json\/wp\/v2\/pages\/1321","targetHints":{"allow":["GET"]}}],"collection":[{"href":"https:\/\/flowguard.io\/en\/wp-json\/wp\/v2\/pages"}],"about":[{"href":"https:\/\/flowguard.io\/en\/wp-json\/wp\/v2\/types\/page"}],"author":[{"embeddable":true,"href":"https:\/\/flowguard.io\/en\/wp-json\/wp\/v2\/users\/2232"}],"replies":[{"embeddable":true,"href":"https:\/\/flowguard.io\/en\/wp-json\/wp\/v2\/comments?post=1321"}],"version-history":[{"count":10,"href":"https:\/\/flowguard.io\/en\/wp-json\/wp\/v2\/pages\/1321\/revisions"}],"predecessor-version":[{"id":1847,"href":"https:\/\/flowguard.io\/en\/wp-json\/wp\/v2\/pages\/1321\/revisions\/1847"}],"up":[{"embeddable":true,"href":"https:\/\/flowguard.io\/en\/wp-json\/wp\/v2\/pages\/1443"}],"wp:attachment":[{"href":"https:\/\/flowguard.io\/en\/wp-json\/wp\/v2\/media?parent=1321"}],"curies":[{"name":"wp","href":"https:\/\/api.w.org\/{rel}","templated":true}]}}