{"id":1432,"date":"2020-09-29T14:34:20","date_gmt":"2020-09-29T12:34:20","guid":{"rendered":"https:\/\/flowguard.io\/reseni-pro-datacentra\/"},"modified":"2021-03-25T19:46:32","modified_gmt":"2021-03-25T18:46:32","slug":"solution-for-data-centers","status":"publish","type":"page","link":"https:\/\/flowguard.io\/en\/solution-for\/solution-for-data-centers\/","title":{"rendered":"Data centers"},"content":{"rendered":"\n\t\t\t\t<img decoding=\"async\" src=\"https:\/\/flowguard.io\/assets\/uploads\/sites\/1325\/2020\/11\/Ikona-Datacentra.svg\" alt=\"Datacentra \" height=\"56.5px\" width=\"51.5px\" title=\"Ikona-Datacentra\" \/>\n\t<h1>\n\t\t\t\tSolution for data centers\n\t\t\t<\/h1>\n\t\t<p>FlowGuard effectively eliminates DDoS attack on servers and data center network infrastructure. The solution uses state-of-the-art procedures to ensure continuous availability of operation and data security.<\/p>\n\t\t\t\t<img decoding=\"async\" src=\"https:\/\/flowguard.io\/assets\/uploads\/sites\/1325\/2020\/10\/Ilustrace-Datacentra.svg\" alt=\"Ilustrace Datacentra\" height=\"350.6px\" width=\"692.4px\" title=\"Ilustrace-Datacentra\" \/>\n\t\t\t<a href=\"https:\/\/flowguard.io\/en\/flowguard-infrastructure-protection\/\" target=\"_self\" role=\"button\" rel=\"noopener\">\n\t\t\t\t\t\tNetwork infrastructure Protection\n\t\t\t\t\t<\/a>\n\t\t\t<a href=\"https:\/\/flowguard.io\/en\/flowguard-web-protection\/\" target=\"_self\" role=\"button\" rel=\"noopener\">\n\t\t\t\t\t\tWebsite protection\n\t\t\t\t\t<\/a>\n\t<h2>\n\t\t\t\tSecured data = good reputation and thriving business\n\t\t\t<\/h2>\n\t\t<p>Increasing number of DDoS volumetric attacks are increasingly masking their true purpose, which is stealing sensitive and personal data. Data centers are therefore attractive targets for hackers. I tis not necessary to be described, what can cause a successful break into data structures by a hacker, and what all the stolen data can be used for. The consequences can be liquidating for the operator. The only effective defense against compromise and reputation loss is an early detection and diversion of the attack. The FlowGuard is a specialist for that. <\/p>\n<p>&nbsp;<\/p>\n<p>If you also provide ISP services, you need to be prepared for a possible attack and online connection congestion. Only well-functioning networks ensure the constant availability of web services for your customers. FlowGuard helps you to ensure that.<\/p>\n<p>&nbsp;<\/p>\n<p>The cloud-based and cost-effective solution will effectively protect your infrastructure \u2013 both physical and virtual. Flow-based technology works at the network, server and also application levels. With us, you have access to the most modern mitigation strategies that we are continuously developing. Hackers and bots have no chance.<\/p>\n<p>&nbsp;<\/p>\n<p>If you want to know more, contact us, we will help you to protect yourself and your customers more effectively.<\/p>\n<h2>\n\t\tNeeds of data centers\n\t<\/h2>\n\t\t\t\t<a href=\"https:\/\/flowguard.io\/en\/flowguard-infrastructure-protection\/\" target=\"_self\" rel=\"nofollow noopener\">\n\t\t\t\t<img decoding=\"async\" src=\"https:\/\/flowguard.io\/assets\/uploads\/sites\/1325\/2020\/11\/Logo-FG-IP_.svg\" alt=\"Logo FlowGuard Ingrastructure Protection_blue\" height=\"75px\" width=\"333px\" title=\"Logo FG IP_\" \/>\n\t\t\t\t<\/a>\n\t<a href=\"https:\/\/flowguard.io\/en\/flowguard-infrastructure-protection\/\" target=\"_self\" rel=\"nofollow noopener\"><\/a> \n\t\t\t<h4>Protected network infrastructure<\/h4>\t\t\t\n\t\t\t\t<p>FlowGuard Infrastructure Protection for Data centers is a complex service based on the latest knowledge in the field of information technology ensuring the continuous availability of network services for the customer or his end customers.<\/p>\n\t\t\t\t<a href=\"https:\/\/flowguard.io\/en\/flowguard-web-protection\/\" target=\"_self\" rel=\"nofollow noopener\">\n\t\t\t\t<img decoding=\"async\" src=\"https:\/\/flowguard.io\/assets\/uploads\/sites\/1325\/2020\/11\/Logo-FG-WP_.svg\" alt=\"Logo FlowGuard Website Protection_blue\" height=\"65px\" width=\"302.7px\" title=\"Logo FG WP_\" \/>\n\t\t\t\t<\/a>\n\t<a href=\"https:\/\/flowguard.io\/en\/flowguard-web-protection\/\" target=\"_self\" rel=\"nofollow noopener\"><\/a> \n\t\t\t<h4>Website protection<\/h4>\t\t\t\n\t\t\t\t<p>Our Website Protection solution FlowGuard protects your during an ongoing attack without interrupting website traffic. During DDoS attacks, it identifies dangerous data and neutralizes it effectively. <\/p>\n\t\t\t\t<a href=\"https:\/\/flowguard.io\/flowguard-reputation-database\/\" target=\"_self\" rel=\"nofollow noopener\">\n\t\t\t\t<img decoding=\"async\" src=\"https:\/\/flowguard.io\/assets\/uploads\/sites\/1325\/2020\/11\/Logo-FG-RD.svg\" alt=\"Logo FlowGuard Reputation Database_blue\" height=\"74.3px\" width=\"298px\" title=\"Logo FG RD\" \/>\n\t\t\t\t<\/a>\n\t<a href=\"https:\/\/flowguard.io\/flowguard-reputation-database\/\" target=\"_self\" rel=\"nofollow noopener\"><\/a> \n\t\t\t<h4>\u0158\u00edzen\u00ed kybernetick\u00fdch hrozeb &#8211; reputa\u010dn\u00ed datab\u00e1ze<\/h4>\t\t\t\n\t\t\t\t<p>Mnoho \u00fatok\u016f se spou\u0161t\u00ed z internetov\u00fdch zdroj\u016f, kter\u00e9 jsou poskytov\u00e1ny \u010dist\u011b pro \u0161kodliv\u00e9 \u00famysly. Tyto \u0161kodliv\u00e9 zdroje lze identifikovat a blokovat p\u0159ed povolen\u00edm p\u0159\u00edstupu u\u017eivatel\u016f k t\u011bmto zdroj\u016fm, a tak zastavit \u00fatok d\u0159\u00edve, ne\u017e k n\u011bmu m\u016f\u017ee doj\u00edt.<\/p>\n\t<h2>\n\t\t\t\tHow to start with FlowGuard?\n\t\t\t<\/h2>\n\t\t<p>Contact us and we will get back to you. We make an appointment to find out what are your need. Together we come up with a solution exactly for you. So it only takes a few weeks from filling in the form until you are fully protected. Well, then you can just focus on your business. That sounds good, doesn`t it?<\/p>\n\t\t\t<a href=\"https:\/\/flowguard.io\/en\/contact\/\" target=\"_self\" role=\"button\" rel=\"noopener\">\n\t\t\t\t\t\tLeave contact\n\t\t\t\t\t<\/a>\n<h3>\n\t\tWhy FlowGuard? \n\t<\/h3>\n\t\t\t\t<img decoding=\"async\" src=\"https:\/\/flowguard.io\/assets\/uploads\/sites\/1325\/2021\/02\/dohledove-centrum.png\" alt=\"Dohledov\u00e9 centrum\" title=\"dohledove_centrum\" \/>\n\t\t\t\t<p><strong>24 \/ 7 <\/strong>Monitoring center<\/p>\n\t\t\t\t<img decoding=\"async\" src=\"https:\/\/flowguard.io\/assets\/uploads\/sites\/1325\/2020\/11\/HP-lightbulb.svg\" alt=\"Icon Anti ddos attack software\" title=\"HP lightbulb\" \/>\n\t\t<h3>Smart attack detection<\/h3>\t\t\t\n\t\t\t\t<p>Machine learning and artificial intelligence help us to be on step ahead of the attackers.<\/p>\n\t\t\t\t<img decoding=\"async\" src=\"https:\/\/flowguard.io\/assets\/uploads\/sites\/1325\/2020\/11\/HP-shield.svg\" alt=\"Icon Shield DDoS Protection FlowGuard\" title=\"HP shield\" \/>\n\t\t<h3>Tested in practice<\/h3>\t\t\t\n\t\t\t\t<p>We continuously adjust the functionalities according to the current situation, e.g. size and attack vectors. <\/p>\n\t\t\t\t<img decoding=\"async\" src=\"https:\/\/flowguard.io\/assets\/uploads\/sites\/1325\/2020\/11\/HP-cloud.svg\" alt=\"Icon FlowGuard Cloud\" title=\"HP cloud\" \/>\n\t\t<h3>Fast cloud solution<\/h3>\t\t\t\n\t\t\t\t<p>We provide you with smooth operation, logging, 24\/7 monitoring or cleaning from malicious code.<\/p>\n\t\t\t<a href=\"https:\/\/flowguard.io\/en\/benefits-of-flowguard\/\" target=\"_self\" role=\"button\" rel=\"noopener\">\n\t\t\t\t\t\t\tMore about FlowGuard benefits\n\t\t\t\t\t<\/a>\n\t\t\t<a href=\"https:\/\/flowguard.io\/en\/contact\/#formular\" target=\"_self\" role=\"button\" rel=\"noopener\">\n\t\t\t\t\t\t\tI want to be protected \n\t\t\t\t\t<\/a>\n\t\t\t\t<a href=\"https:\/\/flowguard.io\/en\/\" target=\"_self\" rel=\"noopener\">\n\t\t\t\t<img decoding=\"async\" src=\"https:\/\/flowguard.io\/assets\/uploads\/sites\/1325\/2020\/11\/logo-FlowGuard-white.svg\" alt=\"Logo FlowGuard_white\" height=\"49px\" width=\"166px\" title=\"logo FlowGuard white\" \/>\n\t\t\t\t<\/a>\n\t<a href=\"https:\/\/flowguard.io\/en\/demo\/\" target=\"_self\" rel=\"nofollow noopener\"><\/a>\t\t\n\t\t\t\t<img decoding=\"async\" src=\"https:\/\/flowguard.io\/assets\/uploads\/sites\/1325\/2020\/12\/small-arrow-white.svg\" alt=\"Icon Demo FlowGuard\" title=\"small arrow white\" \/>\n\t\t\t<p>Demo<\/p>\t\t\t\n\t<a href=\"https:\/\/flowguard.io\/en\/contact\/\" target=\"_self\" rel=\"nofollow noopener\"><\/a>\t\t\n\t\t\t\t<img decoding=\"async\" src=\"https:\/\/flowguard.io\/assets\/uploads\/sites\/1325\/2020\/12\/small-phone-white.svg\" alt=\"Icon Hotline FlowGuard\" title=\"small phone white\" \/>\n\t\t\t<p>Hotline<\/p>\t\t\t\n\t<p>Leave a message<\/p>\n\t<p>\u00a9 ComSource 2021<\/p>\n","protected":false},"excerpt":{"rendered":"<p>Solution for data centers FlowGuard effectively eliminates DDoS attack on servers and data center network infrastructure. The solution uses state-of-the-art procedures to ensure continuous availability of operation and data security. Network infrastructure Protection Website protection Secured data = good reputation and thriving business Increasing number of DDoS volumetric attacks are increasingly masking their true purpose,&hellip;<\/p>\n","protected":false},"author":2232,"featured_media":0,"parent":1443,"menu_order":0,"comment_status":"closed","ping_status":"closed","template":"","meta":{"inline_featured_image":false,"footnotes":""},"class_list":["post-1432","page","type-page","status-publish","hentry"],"_links":{"self":[{"href":"https:\/\/flowguard.io\/en\/wp-json\/wp\/v2\/pages\/1432","targetHints":{"allow":["GET"]}}],"collection":[{"href":"https:\/\/flowguard.io\/en\/wp-json\/wp\/v2\/pages"}],"about":[{"href":"https:\/\/flowguard.io\/en\/wp-json\/wp\/v2\/types\/page"}],"author":[{"embeddable":true,"href":"https:\/\/flowguard.io\/en\/wp-json\/wp\/v2\/users\/2232"}],"replies":[{"embeddable":true,"href":"https:\/\/flowguard.io\/en\/wp-json\/wp\/v2\/comments?post=1432"}],"version-history":[{"count":7,"href":"https:\/\/flowguard.io\/en\/wp-json\/wp\/v2\/pages\/1432\/revisions"}],"predecessor-version":[{"id":1817,"href":"https:\/\/flowguard.io\/en\/wp-json\/wp\/v2\/pages\/1432\/revisions\/1817"}],"up":[{"embeddable":true,"href":"https:\/\/flowguard.io\/en\/wp-json\/wp\/v2\/pages\/1443"}],"wp:attachment":[{"href":"https:\/\/flowguard.io\/en\/wp-json\/wp\/v2\/media?parent=1432"}],"curies":[{"name":"wp","href":"https:\/\/api.w.org\/{rel}","templated":true}]}}