{"id":1440,"date":"2020-09-29T14:15:19","date_gmt":"2020-09-29T12:15:19","guid":{"rendered":"https:\/\/flowguard.io\/reseni-pro-e-commerce\/"},"modified":"2021-03-25T19:41:47","modified_gmt":"2021-03-25T18:41:47","slug":"solution-for-e-commerce","status":"publish","type":"page","link":"https:\/\/flowguard.io\/en\/solution-for\/solution-for-e-commerce\/","title":{"rendered":"E-commerce"},"content":{"rendered":"\n\t\t\t\t<img decoding=\"async\" src=\"https:\/\/flowguard.io\/assets\/uploads\/sites\/1325\/2020\/11\/Ikona-E-Commerce.svg\" alt=\"ddos attack prevention solution\" height=\"49.5px\" width=\"67.9px\" title=\"Ikona-E-Commerce\" \/>\n\t<h1>\n\t\t\t\tSolution for <br>e-commerce \n\t\t\t<\/h1>\n\t\t<p>We contribute to the success of online sales by securing your main tool \u2013 the website. FlowGuard is a smart solution that detects an attack in time and keeps your e-shop running.<\/p>\n\t\t\t\t<img decoding=\"async\" src=\"https:\/\/flowguard.io\/assets\/uploads\/sites\/1325\/2020\/10\/Ilustrace-E-Commerce.svg\" alt=\"Ilustrace E-Commerce\" height=\"350.6px\" width=\"692.4px\" title=\"Ilustrace-E-Commerce\" \/>\n\t\t\t<a href=\"https:\/\/flowguard.io\/en\/flowguard-web-protection\/\" target=\"_self\" role=\"button\" rel=\"noopener\">\n\t\t\t\t\t\tWebsite protection \n\t\t\t\t\t<\/a>\n\t\t\t<a href=\"https:\/\/flowguard.io\/network-infrastructure-protection\/?lang=en\" target=\"_self\" role=\"button\" rel=\"noopener\">\n\t\t\t\t\t\tOchrana s\u00ed\u0165ov\u00e9 infrastruktury\n\t\t\t\t\t<\/a>\n\t\t\t<a href=\"https:\/\/flowguard.io\/threat-intelligence\/\" target=\"_self\" role=\"button\" rel=\"noopener\">\n\t\t\t\t\t\tThreat Intelligence\n\t\t\t\t\t<\/a>\n\t<h2>\n\t\t\t\tSuccess of any online sale depends on a good condition and security of your website \n\t\t\t<\/h2>\n\t\t<p>It may happen that e-hop owners are convinced that they are safe from DDoS attacks. Or they believe they are protected by an ISP. However, these contracts often contain only a basic security package and will not protect you from a really big attack. Only a specialized solution can.<\/p>\n<p>&nbsp;<\/p>\n<p>You may have already noticed various anomalies in the data flow. At best they are \u201eonly\u201c  competitors\u00b4 bots. They scan your e-shop to find out how much you sell for. Even such excessive legitimate traffic can be dangerous for the capacity of your e-shop! In the worse case, it\u00b4s a volumetric DDoS attack, where hackers try to flood operation to crash the website. Or the worst \u2013 hackers are data thieves and their attack only masks an attempt to steal the data.<\/p>\n<p>&nbsp;<\/p>\n<p>Only you know, what can do such a situation with your reputation, how much money will cost you hours (or even days) when not only sales, but also registration and possibly processing of orders that have already taken place, won\u00b4t work.<\/p>\n<p>&nbsp;<\/p>\n<p>Do you want to know how you really are? What cyber risks do you face and how can you defend yourself? Contact us and we will be happy to advise you!<\/p>\n<h2>\n\t\tNeeds of e-commerce \n\t<\/h2>\n\t\t\t\t<a href=\"https:\/\/flowguard.io\/en\/flowguard-web-protection\/\" target=\"_self\" rel=\"nofollow noopener\">\n\t\t\t\t<img decoding=\"async\" src=\"https:\/\/flowguard.io\/assets\/uploads\/sites\/1325\/2020\/11\/Logo-FG-WP_.svg\" alt=\"Logo FlowGuard Website Protection_blue\" height=\"65px\" width=\"302.7px\" title=\"Logo FG WP_\" \/>\n\t\t\t\t<\/a>\n\t<a href=\"https:\/\/flowguard.io\/en\/flowguard-web-protection\/\" target=\"_self\" rel=\"nofollow noopener\"><\/a> \n\t\t\t<h4>Website protection<\/h4>\t\t\t\n\t\t\t\t<p>FlowGuard solution protects you even during an ongoing attack without interrupting the operation of the e-shop. During DDoS attacks, it identifies dangerous data and neutralizes it effectively. Your customers don\u00b4t recognize anything and the wheels your sales continue to spin. <\/p>\n\t\t\t\t<a href=\"https:\/\/flowguard.io\/flowguard-reputation-database\/\" target=\"_self\" rel=\"nofollow noopener\">\n\t\t\t\t<img decoding=\"async\" src=\"https:\/\/flowguard.io\/assets\/uploads\/sites\/1325\/2020\/11\/Logo-FG-RD.svg\" alt=\"Logo FlowGuard Reputation Database_blue\" height=\"74.3px\" width=\"298px\" title=\"Logo FG RD\" \/>\n\t\t\t\t<\/a>\n\t<a href=\"https:\/\/flowguard.io\/flowguard-reputation-database\/\" target=\"_self\" rel=\"nofollow noopener\"><\/a> \n\t\t\t<h4>\u0158\u00edzen\u00ed kybernetick\u00fdch hrozeb &#8211; reputa\u010dn\u00ed datab\u00e1ze<\/h4>\t\t\t\n\t\t\t\t<p>Mnoho \u00fatok\u016f se spou\u0161t\u00ed z internetov\u00fdch zdroj\u016f, kter\u00e9 jsou poskytov\u00e1ny \u010dist\u011b pro \u0161kodliv\u00e9 \u00famysly. Tyto \u0161kodliv\u00e9 zdroje lze identifikovat a blokovat p\u0159ed povolen\u00edm p\u0159\u00edstupu u\u017eivatel\u016f k t\u011bmto zdroj\u016fm, a tak zastavit \u00fatok d\u0159\u00edve, ne\u017e k n\u011bmu m\u016f\u017ee doj\u00edt.<\/p>\n\t<h2>\n\t\t\t\tHow to start with FlowGuard?\n\t\t\t<\/h2>\n\t\t<p>Contact us and we will get back to you. We make an appointment to find out what are your need. Together we come up with a solution exactly for you. So it only takes a few weeks from filling in the form until you are fully protected. Well, then you can just focus on your business. That sounds good, doesn`t it?<\/p>\n\t\t\t<a href=\"https:\/\/flowguard.io\/en\/contact\/\" target=\"_self\" role=\"button\" rel=\"noopener\">\n\t\t\t\t\t\tLeave contact\n\t\t\t\t\t<\/a>\n<h3>\n\t\tWhy FlowGuard? \n\t<\/h3>\n\t\t\t\t<img decoding=\"async\" src=\"https:\/\/flowguard.io\/assets\/uploads\/sites\/1325\/2021\/02\/dohledove-centrum.png\" alt=\"Dohledov\u00e9 centrum\" title=\"dohledove_centrum\" \/>\n\t\t\t\t<p><strong>24 \/ 7 <\/strong>Monitoring center<\/p>\n\t\t\t\t<img decoding=\"async\" src=\"https:\/\/flowguard.io\/assets\/uploads\/sites\/1325\/2020\/11\/HP-lightbulb.svg\" alt=\"Icon Anti ddos attack software\" title=\"HP lightbulb\" \/>\n\t\t<h3>Smart attack detection<\/h3>\t\t\t\n\t\t\t\t<p>Machine learning and artificial intelligence help us to be on step ahead of the attackers.<\/p>\n\t\t\t\t<img decoding=\"async\" src=\"https:\/\/flowguard.io\/assets\/uploads\/sites\/1325\/2020\/11\/HP-shield.svg\" alt=\"Icon Shield DDoS Protection FlowGuard\" title=\"HP shield\" \/>\n\t\t<h3>Tested in practice<\/h3>\t\t\t\n\t\t\t\t<p>We continuously adjust the functionalities according to the current situation, e.g. size and attack vectors. <\/p>\n\t\t\t\t<img decoding=\"async\" src=\"https:\/\/flowguard.io\/assets\/uploads\/sites\/1325\/2020\/11\/HP-cloud.svg\" alt=\"Icon FlowGuard Cloud\" title=\"HP cloud\" \/>\n\t\t<h3>Fast cloud solution<\/h3>\t\t\t\n\t\t\t\t<p>We provide you with smooth operation, logging, 24\/7 monitoring or cleaning from malicious code.<\/p>\n\t\t\t<a href=\"https:\/\/flowguard.io\/en\/benefits-of-flowguard\/\" target=\"_self\" role=\"button\" rel=\"noopener\">\n\t\t\t\t\t\t\tMore about FlowGuard benefits\n\t\t\t\t\t<\/a>\n\t\t\t<a href=\"https:\/\/flowguard.io\/en\/contact\/#formular\" target=\"_self\" role=\"button\" rel=\"noopener\">\n\t\t\t\t\t\t\tI want to be protected \n\t\t\t\t\t<\/a>\n\t\t\t\t<a href=\"https:\/\/flowguard.io\/en\/\" target=\"_self\" rel=\"noopener\">\n\t\t\t\t<img decoding=\"async\" src=\"https:\/\/flowguard.io\/assets\/uploads\/sites\/1325\/2020\/11\/logo-FlowGuard-white.svg\" alt=\"Logo FlowGuard_white\" height=\"49px\" width=\"166px\" title=\"logo FlowGuard white\" \/>\n\t\t\t\t<\/a>\n\t<a href=\"https:\/\/flowguard.io\/en\/demo\/\" target=\"_self\" rel=\"nofollow noopener\"><\/a>\t\t\n\t\t\t\t<img decoding=\"async\" src=\"https:\/\/flowguard.io\/assets\/uploads\/sites\/1325\/2020\/12\/small-arrow-white.svg\" alt=\"Icon Demo FlowGuard\" title=\"small arrow white\" \/>\n\t\t\t<p>Demo<\/p>\t\t\t\n\t<a href=\"https:\/\/flowguard.io\/en\/contact\/\" target=\"_self\" rel=\"nofollow noopener\"><\/a>\t\t\n\t\t\t\t<img decoding=\"async\" src=\"https:\/\/flowguard.io\/assets\/uploads\/sites\/1325\/2020\/12\/small-phone-white.svg\" alt=\"Icon Hotline FlowGuard\" title=\"small phone white\" \/>\n\t\t\t<p>Hotline<\/p>\t\t\t\n\t<p>Leave a message<\/p>\n\t<p>\u00a9 ComSource 2021<\/p>\n","protected":false},"excerpt":{"rendered":"<p>Solution for e-commerce We contribute to the success of online sales by securing your main tool \u2013 the website. FlowGuard is a smart solution that detects an attack in time and keeps your e-shop running. Website protection Ochrana s\u00ed\u0165ov\u00e9 infrastruktury Threat Intelligence Success of any online sale depends on a good condition and security of&hellip;<\/p>\n","protected":false},"author":2232,"featured_media":0,"parent":1443,"menu_order":0,"comment_status":"closed","ping_status":"closed","template":"","meta":{"inline_featured_image":false,"footnotes":""},"class_list":["post-1440","page","type-page","status-publish","hentry"],"_links":{"self":[{"href":"https:\/\/flowguard.io\/en\/wp-json\/wp\/v2\/pages\/1440","targetHints":{"allow":["GET"]}}],"collection":[{"href":"https:\/\/flowguard.io\/en\/wp-json\/wp\/v2\/pages"}],"about":[{"href":"https:\/\/flowguard.io\/en\/wp-json\/wp\/v2\/types\/page"}],"author":[{"embeddable":true,"href":"https:\/\/flowguard.io\/en\/wp-json\/wp\/v2\/users\/2232"}],"replies":[{"embeddable":true,"href":"https:\/\/flowguard.io\/en\/wp-json\/wp\/v2\/comments?post=1440"}],"version-history":[{"count":4,"href":"https:\/\/flowguard.io\/en\/wp-json\/wp\/v2\/pages\/1440\/revisions"}],"predecessor-version":[{"id":1814,"href":"https:\/\/flowguard.io\/en\/wp-json\/wp\/v2\/pages\/1440\/revisions\/1814"}],"up":[{"embeddable":true,"href":"https:\/\/flowguard.io\/en\/wp-json\/wp\/v2\/pages\/1443"}],"wp:attachment":[{"href":"https:\/\/flowguard.io\/en\/wp-json\/wp\/v2\/media?parent=1440"}],"curies":[{"name":"wp","href":"https:\/\/api.w.org\/{rel}","templated":true}]}}