{"id":1443,"date":"2020-09-11T18:25:35","date_gmt":"2020-09-11T16:25:35","guid":{"rendered":"https:\/\/flowguard.io\/reseni-dle-odvetvi\/"},"modified":"2021-03-25T19:33:54","modified_gmt":"2021-03-25T18:33:54","slug":"solution-for","status":"publish","type":"page","link":"https:\/\/flowguard.io\/en\/solution-for\/","title":{"rendered":"Solution for"},"content":{"rendered":"\n\t<h1>\n\t\t\t\tWe have a solution directly for you\n\t\t\t<\/h1>\n\t\t<p>Are you looking for a solution for ISPs, data centers, e-commerce? We have well-established procedures for banks, state administration, healthcare and corporation.<\/p>\n\t\t\t<a href=\"https:\/\/flowguard.io\/en\/contact\/\" target=\"_self\" role=\"button\" rel=\"noopener\">\n\t\t\t\t\t\t\tI want to be protected\n\t\t\t\t\t<\/a>\n\t<a href=\"https:\/\/flowguard.io\/en\/solution-for\/solution-for-isp\/\" target=\"_self\" rel=\"nofollow noopener\"><\/a> \n\t\t\t\t<img decoding=\"async\" src=\"https:\/\/flowguard.io\/assets\/uploads\/sites\/1325\/2020\/11\/Ikona-ISP.svg\" alt=\"Internet Service Provider ochrana s\u00ed\u0165ov\u00e9 infrastruktury a datacenter\" title=\"Ikona-ISP\" \/>\n\t\t<h3>ISP<\/h3>\t\t\t\n\t\t\t\t<p>We will protect your network infrastructure and ensure constant availability of services.<\/p>\n<p><strong>More &#8230;<\/strong><\/p>\n\t<a href=\"https:\/\/flowguard.io\/en\/solution-for\/solution-for-data-centers\/\" target=\"_self\" rel=\"nofollow noopener\"><\/a> \n\t\t\t\t<img decoding=\"async\" src=\"https:\/\/flowguard.io\/assets\/uploads\/sites\/1325\/2020\/11\/Ikona-Datacentra.svg\" alt=\"FlowGuard \u00fa\u010dinn\u011b eliminuje DDoS \u00fatoky na servery a s\u00ed\u0165ovou infrastrukturu datacenter\" title=\"Ikona-Datacentra\" \/>\n\t\t<h4>Data centers<\/h4>\t\t\t\n\t\t\t\t<p>We keep the data safe and the infrastructure running even during the ongoing DDoS attack.<\/p>\n<p><strong>More &#8230;<\/strong><\/p>\n\t<a href=\"https:\/\/flowguard.io\/en\/solution-for\/solution-for-e-commerce\/\" target=\"_self\" rel=\"nofollow noopener\"><\/a> \n\t\t\t\t<img decoding=\"async\" src=\"https:\/\/flowguard.io\/assets\/uploads\/sites\/1325\/2020\/11\/Ikona-E-Commerce.svg\" alt=\"Icon E-Commerce ddos attack prevention solution\" title=\"Ikona-E-Commerce\" \/>\n\t\t<h4>E-commerce<\/h4>\t\t\t\n\t\t\t\t<p>With our solution you don\u00b4t have to worry about damaged reputation, lost sales or competition.<\/p>\n<p><strong>More &#8230;<\/strong><\/p>\n\t<a href=\"https:\/\/flowguard.io\/en\/solution-for\/solution-for-bank-resort\/\" target=\"_self\" rel=\"nofollow noopener\"><\/a> \n\t\t\t\t<img decoding=\"async\" src=\"https:\/\/flowguard.io\/assets\/uploads\/sites\/1325\/2020\/11\/Ikona-V-Banky.svg\" alt=\"Bankovnictv\u00ed 100% zabezpe\u010dit sv\u00e9 pen\u00edze a data\" title=\"Ikona-V-Banky\" \/>\n\t\t<h4>Bank resort<\/h4>\t\t\t\n\t\t\t\t<p>FlowGuard brings top security for your online services and satisfied clients.<\/p>\n<p><strong>More &#8230;<\/strong><\/p>\n\t<a href=\"https:\/\/flowguard.io\/en\/solution-for\/solution-for-public-administration\/\" target=\"_self\" rel=\"nofollow noopener\"><\/a> \n\t\t\t\t<img decoding=\"async\" src=\"https:\/\/flowguard.io\/assets\/uploads\/sites\/1325\/2020\/11\/Ikona-V-Statni-Sprava.svg\" alt=\"Chr\u00e1n\u011bn\u00e1 s\u00ed\u0165ov\u00e1 infrastruktura St\u00e1tn\u00ed spr\u00e1va\" title=\"Ikona-V-Statni-Sprava\" \/>\n\t\t<h4>Public administration<\/h4>\t\t\t\n\t\t\t\t<p>We have an affordable and smart solution that support eGovernment and citizen services.<\/p>\n<p><strong>More &#8230;<\/strong><\/p>\n\t<a href=\"https:\/\/flowguard.io\/en\/solution-for\/solution-for-healthcare\/\" target=\"_self\" rel=\"nofollow noopener\"><\/a> \n\t\t\t\t<img decoding=\"async\" src=\"https:\/\/flowguard.io\/assets\/uploads\/sites\/1325\/2020\/11\/Ikona-V-Nemocnice.svg\" alt=\"Zdravotnictv\u00ed volumetrick\u00e9 DDoS \u00fatoky\" title=\"Ikona-V-Nemocnice\" \/>\n\t\t<h4>Health care<\/h4>\t\t\t\n\t\t\t\t<p>We protect your online environment and you can focus on health care.<\/p>\n<p><strong>More &#8230;<\/strong><\/p>\n\t<a href=\"https:\/\/flowguard.io\/en\/solution-for\/solution-for-corporations\/\" target=\"_self\" rel=\"nofollow noopener\"><\/a> \n\t\t\t\t<img decoding=\"async\" src=\"https:\/\/flowguard.io\/assets\/uploads\/sites\/1325\/2020\/11\/Ikona-V-Korporace.svg\" alt=\"Korporace pokus o kr\u00e1de\u017e citliv\u00fdch informac\u00ed\" title=\"Ikona-V-Korporace\" \/>\n\t\t<h4>Corporations<\/h4>\t\t\t\n\t\t\t\t<p>Our cost-effective solution ensures the availability of all services needed for your business.<\/p>\n<p><strong>More &#8230;<\/strong><\/p>\n<h2>\n\t\tDid not find yourself in any of the packages?\n\t<\/h2>\n\t<p>Never mind, lease us a contact and we will get back to you immediately. Together we will discuss your problem and find the optimal solution.<\/p>\n\t\t\t<a href=\"https:\/\/flowguard.io\/en\/contact\/\" target=\"_self\" role=\"button\" rel=\"noopener\">\n\t\t\t\t\t\tI need a consultation\n\t\t\t\t\t<\/a>\n\t\t\t\t<a href=\"https:\/\/flowguard.io\/en\/\" target=\"_self\" rel=\"noopener\">\n\t\t\t\t<img decoding=\"async\" src=\"https:\/\/flowguard.io\/assets\/uploads\/sites\/1325\/2020\/11\/logo-FlowGuard-white.svg\" alt=\"Logo FlowGuard_white\" height=\"49px\" width=\"166px\" title=\"logo FlowGuard white\" \/>\n\t\t\t\t<\/a>\n\t<a href=\"https:\/\/flowguard.io\/en\/demo\/\" target=\"_self\" rel=\"nofollow noopener\"><\/a>\t\t\n\t\t\t\t<img decoding=\"async\" src=\"https:\/\/flowguard.io\/assets\/uploads\/sites\/1325\/2020\/12\/small-arrow-white.svg\" alt=\"Icon Demo FlowGuard\" title=\"small arrow white\" \/>\n\t\t\t<p>Demo<\/p>\t\t\t\n\t<a href=\"https:\/\/flowguard.io\/en\/contact\/\" target=\"_self\" rel=\"nofollow noopener\"><\/a>\t\t\n\t\t\t\t<img decoding=\"async\" src=\"https:\/\/flowguard.io\/assets\/uploads\/sites\/1325\/2020\/12\/small-phone-white.svg\" alt=\"Icon Hotline FlowGuard\" title=\"small phone white\" \/>\n\t\t\t<p>Hotline<\/p>\t\t\t\n\t<p>Leave a message<\/p>\n\t<p>\u00a9 ComSource 2021<\/p>\n","protected":false},"excerpt":{"rendered":"<p>We have a solution directly for you Are you looking for a solution for ISPs, data centers, e-commerce? We have well-established procedures for banks, state administration, healthcare and corporation. I want to be protected ISP We will protect your network infrastructure and ensure constant availability of services. More &#8230; Data centers We keep the data&hellip;<\/p>\n","protected":false},"author":2232,"featured_media":0,"parent":0,"menu_order":0,"comment_status":"closed","ping_status":"closed","template":"","meta":{"inline_featured_image":false,"footnotes":""},"class_list":["post-1443","page","type-page","status-publish","hentry"],"_links":{"self":[{"href":"https:\/\/flowguard.io\/en\/wp-json\/wp\/v2\/pages\/1443","targetHints":{"allow":["GET"]}}],"collection":[{"href":"https:\/\/flowguard.io\/en\/wp-json\/wp\/v2\/pages"}],"about":[{"href":"https:\/\/flowguard.io\/en\/wp-json\/wp\/v2\/types\/page"}],"author":[{"embeddable":true,"href":"https:\/\/flowguard.io\/en\/wp-json\/wp\/v2\/users\/2232"}],"replies":[{"embeddable":true,"href":"https:\/\/flowguard.io\/en\/wp-json\/wp\/v2\/comments?post=1443"}],"version-history":[{"count":4,"href":"https:\/\/flowguard.io\/en\/wp-json\/wp\/v2\/pages\/1443\/revisions"}],"predecessor-version":[{"id":1811,"href":"https:\/\/flowguard.io\/en\/wp-json\/wp\/v2\/pages\/1443\/revisions\/1811"}],"wp:attachment":[{"href":"https:\/\/flowguard.io\/en\/wp-json\/wp\/v2\/media?parent=1443"}],"curies":[{"name":"wp","href":"https:\/\/api.w.org\/{rel}","templated":true}]}}