{"id":1459,"date":"2016-10-02T13:52:55","date_gmt":"2016-10-02T11:52:55","guid":{"rendered":"https:\/\/flowguard.io\/home\/"},"modified":"2021-03-29T15:39:18","modified_gmt":"2021-03-29T13:39:18","slug":"home","status":"publish","type":"page","link":"https:\/\/flowguard.io\/en\/","title":{"rendered":"Home"},"content":{"rendered":"\n\t<h1>\n\t\t\t\tWe protect your operation\n\t\t\t<\/h1>\n\t\t<p>Seamless operation and maximum availability of your online services, networks and infrastructure. Every second, every minute, every day. This is Flowguard.<\/p>\n\t\t\t\t<img decoding=\"async\" src=\"https:\/\/flowguard.io\/assets\/uploads\/sites\/1325\/2020\/11\/FG-entry-pic.svg\" alt=\"Schema FlowGuard antiDDoS Attack Online Tool\" height=\"416.4px\" width=\"624px\" title=\"FG entry pic\" \/>\n\t\t<!-- Comment to fix spacing issue\n\t-->\n\t\t<p>0 <\/p>\t\t\n\t<!-- Comment to fix spacing issue\n\t-->\n\t\t\t\tRepulsed attacks<br \/>\n<strong>per day<\/strong>\n\t\t<!-- Comment to fix spacing issue\n\t-->\n\t\t<h2>0&ensp;GB<\/h2>\t\t\n\t<!-- Comment to fix spacing issue\n\t-->\n\t\t\t\tFiltered malicious data<br \/>\n<strong>per month<\/strong>\n\t\t\t\t<img decoding=\"async\" src=\"https:\/\/flowguard.io\/assets\/uploads\/sites\/1325\/2020\/12\/arrow-white.svg\" alt=\"Icon Arrow FlowGuard Website\" height=\"127.8px\" width=\"129px\" title=\"arrow white\" \/>\n\tWHAT<br \/>\n<strong>PROBLEM<\/strong><br \/>\nARE YOU DEALING WITH?\n\t<a href=\"https:\/\/flowguard.io\/en\/website-protection\/\" target=\"_self\" rel=\"nofollow noopener\"><\/a> \n\t\t\t\t<img decoding=\"async\" src=\"https:\/\/flowguard.io\/assets\/uploads\/sites\/1325\/2020\/11\/icon-WP.svg\" alt=\"Icon Protect Website from DDoS Attack\" title=\"icon WP\" \/>\n\t\t\t\t<p><strong>Web<\/strong> protection<\/p>\n\t<a href=\"https:\/\/flowguard.io\/en\/network-infrastructure-protection\/\" target=\"_self\" rel=\"nofollow noopener\"><\/a> \n\t\t\t\t<img decoding=\"async\" src=\"https:\/\/flowguard.io\/assets\/uploads\/sites\/1325\/2020\/11\/icon-IP.svg\" alt=\"Icon DDoS Protection System\" title=\"icon IP\" \/>\n\t\t\t\t<p><strong>Network infrastructure<\/strong> protection<\/p>\n\t<a href=\"https:\/\/flowguard.io\/en\/data-retention\/\" target=\"_self\" rel=\"nofollow noopener\"><\/a> \n\t\t\t\t<img decoding=\"async\" src=\"https:\/\/flowguard.io\/assets\/uploads\/sites\/1325\/2020\/11\/icon-DR.svg\" alt=\"Icon FlowGuard Data Retention\" title=\"icon DR\" \/>\n\t\t\t\t<p><strong>Data retention<\/strong><\/p>\n\t<a href=\"https:\/\/flowguard.io\/ochrana-webu\/\" target=\"_self\" rel=\"nofollow noopener\"><\/a> \n\t\t\t\t<img decoding=\"async\" src=\"https:\/\/flowguard.io\/assets\/uploads\/sites\/1325\/2020\/11\/icon-WP.svg\" alt=\"Icon Protect Website from DDoS Attack\" title=\"icon WP\" \/>\n\t\t\t\t<p>Ochrana <strong>webu<\/strong><\/p>\n\t<a href=\"https:\/\/flowguard.io\/ochrana-sitove-infrastruktury\/\" target=\"_self\" rel=\"nofollow noopener\"><\/a> \n\t\t\t\t<img decoding=\"async\" src=\"https:\/\/flowguard.io\/assets\/uploads\/sites\/1325\/2020\/11\/icon-IP.svg\" alt=\"Icon DDoS Protection System\" title=\"icon IP\" \/>\n\t\t\t\t<p>Ochrana <strong>s\u00ed\u0165ov\u00e9 infrastruktury<\/strong><\/p>\n\t<a href=\"https:\/\/flowguard.io\/data-retention\/\" target=\"_self\" rel=\"nofollow noopener\"><\/a> \n\t\t\t\t<img decoding=\"async\" src=\"https:\/\/flowguard.io\/assets\/uploads\/sites\/1325\/2020\/11\/icon-DR.svg\" alt=\"Icon FlowGuard Data Retention\" title=\"icon DR\" \/>\n\t\t\t\t<p><strong>Data retention<\/strong><\/p>\n\t<a href=\"https:\/\/flowguard.io\/threat-intelligence\/\" target=\"_self\" rel=\"nofollow noopener\"><\/a> \n\t\t\t\t<img decoding=\"async\" src=\"https:\/\/flowguard.io\/assets\/uploads\/sites\/1325\/2020\/11\/icon-conectivity.svg\" alt=\"Icon Conectivity Protection\" title=\"icon conectivity\" \/>\n\t\t\t\t<p><strong>Threat <\/strong>intelligence<\/p>\n<h3>\n\t\tWhy FlowGuard? \n\t<\/h3>\n\t\t\t\t<img decoding=\"async\" src=\"https:\/\/flowguard.io\/assets\/uploads\/sites\/1325\/2021\/02\/dohledove-centrum.png\" alt=\"Dohledov\u00e9 centrum\" title=\"dohledove_centrum\" \/>\n\t\t\t\t<p><strong>24 \/ 7 <\/strong>Monitoring center<\/p>\n\t\t\t\t<img decoding=\"async\" src=\"https:\/\/flowguard.io\/assets\/uploads\/sites\/1325\/2020\/11\/HP-lightbulb.svg\" alt=\"Icon Anti ddos attack software\" title=\"HP lightbulb\" \/>\n\t\t<h3>Smart attack detection<\/h3>\t\t\t\n\t\t\t\t<p>Machine learning and artificial intelligence help us to be on step ahead of the attackers.<\/p>\n\t\t\t\t<img decoding=\"async\" src=\"https:\/\/flowguard.io\/assets\/uploads\/sites\/1325\/2020\/11\/HP-shield.svg\" alt=\"Icon Shield DDoS Protection FlowGuard\" title=\"HP shield\" \/>\n\t\t<h3>Tested in practice<\/h3>\t\t\t\n\t\t\t\t<p>We continuously adjust the functionalities according to the current situation, e.g. size and attack vectors. <\/p>\n\t\t\t\t<img decoding=\"async\" src=\"https:\/\/flowguard.io\/assets\/uploads\/sites\/1325\/2020\/11\/HP-cloud.svg\" alt=\"Icon FlowGuard Cloud\" title=\"HP cloud\" \/>\n\t\t<h3>Fast cloud solution<\/h3>\t\t\t\n\t\t\t\t<p>We provide you with smooth operation, logging, 24\/7 monitoring or cleaning from malicious code.<\/p>\n\t\t\t<a href=\"https:\/\/flowguard.io\/en\/benefits-of-flowguard\/\" target=\"_self\" role=\"button\" rel=\"noopener\">\n\t\t\t\t\t\t\tMore about FlowGuard benefits\n\t\t\t\t\t<\/a>\n\t\t\t<a href=\"https:\/\/flowguard.io\/en\/contact\/#formular\" target=\"_self\" role=\"button\" rel=\"noopener\">\n\t\t\t\t\t\t\tI want to be protected \n\t\t\t\t\t<\/a>\n\t\t\t\t<img decoding=\"async\" src=\"https:\/\/flowguard.io\/assets\/uploads\/sites\/1325\/bb-plugin\/cache\/datovy-zdroj-18-circle.png\" alt=\"\" title=\"\" \/>\n\t\t<h4>Ing. Petr Nov\u00e1k<\/h4><h6>IT specialista<\/h6>\t\t\t\n\t\t\t\t<p>Lorem ipsum dolor amet, consertetur adipiscing elit, sed diam nonummy nibh euismod.<\/p>\n\t\t\t\t<img decoding=\"async\" src=\"https:\/\/flowguard.io\/assets\/uploads\/sites\/1325\/bb-plugin\/cache\/datovy-zdroj-19-circle.png\" alt=\"\" title=\"\" \/>\n\t\t<h4>Mark\u00e9ta Ivanov\u00e1<\/h4><h6>Mana\u017eerka<\/h6>\t\t\t\n\t\t\t\t<p>Lorem ipsum dolor amet, consertetur adipiscing elit, sed diam nonummy nibh euismod.<\/p>\n<h2>\n\t\tNa\u0161i spokojen\u00ed z\u00e1kazn\u00edci\n\t<\/h2>\n\t\t\t\t<img decoding=\"async\" src=\"https:\/\/flowguard.io\/assets\/uploads\/sites\/1325\/2020\/08\/datovy-zdroj-1.png\" alt=\"\" title=\"\" \/>\n\t\t\t\t<p><strong><em>FlowGuard opravdu funguje&#8230;<\/em><\/strong><\/p>\n<p>Lorem ipsum dolor amet, consertetur adipiscing elit, sed diam nonummy nibh euismod. Lorem ipsum dolor amet, consertetur adipiscing elit, sed diam nonummy nibh euismod. Lorem ipsum dolor amet, consertetur adipiscing elit, sed diam nonummy nibh euismod.<\/p>\n\t\t\t\t<img decoding=\"async\" src=\"https:\/\/flowguard.io\/assets\/uploads\/sites\/1325\/2020\/08\/datovy-zdroj-1.png\" alt=\"\" title=\"\" \/>\n\t\t\t\t<p><strong><em>Je to skv\u011bl\u00e9&#8230;<\/em><\/strong><\/p>\n<p>Lorem ipsum dolor amet, consertetur adipiscing elit, sed diam nonummy nibh euismod. Lorem ipsum dolor amet, consertetur adipiscing elit, sed diam nonummy nibh euismod. Lorem ipsum dolor amet, consertetur adipiscing elit, sed diam nonummy nibh euismod.<\/p>\n\t\t\t\t<img decoding=\"async\" src=\"https:\/\/flowguard.io\/assets\/uploads\/sites\/1325\/2020\/10\/logo-ovanet.png\" alt=\"Logo Ovanet\" title=\"logo Ovanet\" \/>\n\t\t\t\t<p><strong><em>Z\u00e1konn\u00e9 ulo\u017een\u00ed dat je s FlowGuard hra\u010dka&#8230;<\/em><\/strong><\/p>\n<p>D\u00edky FlowGuard Data Retention, profesionalit\u011b, zap\u00e1len\u00ed a spolehlivosti realiza\u010dn\u00edho i supportn\u00edho t\u00fdmu jsme skv\u011ble p\u0159ipraveni na poskytov\u00e1n\u00ed slu\u017eeb na\u0161im z\u00e1kazn\u00edk\u016fm i na pln\u011bn\u00ed v\u0161ech povinnost\u00ed stanoven\u00fdch z\u00e1konem. Jsme velmi spokojeni a t\u011b\u0161\u00edme se na dal\u0161\u00ed vz\u00e1jemnou spolupr\u00e1ci.<\/p>\n\t\t\t<a href=\"https:\/\/flowguard.io\/kontakt\/\" target=\"_self\" role=\"button\" rel=\"noopener\">\n\t\t\t\t\t\tChci tak\u00e9 chr\u00e1nit\n\t\t\t\t\t<\/a>\n\t\t\t\t<a href=\"https:\/\/flowguard.io\/en\/\" target=\"_self\" rel=\"noopener\">\n\t\t\t\t<img decoding=\"async\" src=\"https:\/\/flowguard.io\/assets\/uploads\/sites\/1325\/2020\/11\/logo-FlowGuard-white.svg\" alt=\"Logo FlowGuard_white\" height=\"49px\" width=\"166px\" title=\"logo FlowGuard white\" \/>\n\t\t\t\t<\/a>\n\t<a href=\"https:\/\/flowguard.io\/en\/demo\/\" target=\"_self\" rel=\"nofollow noopener\"><\/a>\t\t\n\t\t\t\t<img decoding=\"async\" src=\"https:\/\/flowguard.io\/assets\/uploads\/sites\/1325\/2020\/12\/small-arrow-white.svg\" alt=\"Icon Demo FlowGuard\" title=\"small arrow white\" \/>\n\t\t\t<p>Demo<\/p>\t\t\t\n\t<a href=\"https:\/\/flowguard.io\/en\/contact\/\" target=\"_self\" rel=\"nofollow noopener\"><\/a>\t\t\n\t\t\t\t<img decoding=\"async\" src=\"https:\/\/flowguard.io\/assets\/uploads\/sites\/1325\/2020\/12\/small-phone-white.svg\" alt=\"Icon Hotline FlowGuard\" title=\"small phone white\" \/>\n\t\t\t<p>Hotline<\/p>\t\t\t\n\t<p>Leave a message<\/p>\n\t<p>\u00a9 ComSource 2021<\/p>\n","protected":false},"excerpt":{"rendered":"<p>We protect your operation Seamless operation and maximum availability of your online services, networks and infrastructure. Every second, every minute, every day. This is Flowguard. 0 Repulsed attacks per day 0&ensp;GB Filtered malicious data per month WHAT PROBLEM ARE YOU DEALING WITH? Web protection Network infrastructure protection Data retention Ochrana webu Ochrana s\u00ed\u0165ov\u00e9 infrastruktury Data&hellip;<\/p>\n","protected":false},"author":2232,"featured_media":0,"parent":0,"menu_order":0,"comment_status":"closed","ping_status":"closed","template":"","meta":{"inline_featured_image":false,"footnotes":""},"class_list":["post-1459","page","type-page","status-publish","hentry"],"_links":{"self":[{"href":"https:\/\/flowguard.io\/en\/wp-json\/wp\/v2\/pages\/1459","targetHints":{"allow":["GET"]}}],"collection":[{"href":"https:\/\/flowguard.io\/en\/wp-json\/wp\/v2\/pages"}],"about":[{"href":"https:\/\/flowguard.io\/en\/wp-json\/wp\/v2\/types\/page"}],"author":[{"embeddable":true,"href":"https:\/\/flowguard.io\/en\/wp-json\/wp\/v2\/users\/2232"}],"replies":[{"embeddable":true,"href":"https:\/\/flowguard.io\/en\/wp-json\/wp\/v2\/comments?post=1459"}],"version-history":[{"count":9,"href":"https:\/\/flowguard.io\/en\/wp-json\/wp\/v2\/pages\/1459\/revisions"}],"predecessor-version":[{"id":1854,"href":"https:\/\/flowguard.io\/en\/wp-json\/wp\/v2\/pages\/1459\/revisions\/1854"}],"wp:attachment":[{"href":"https:\/\/flowguard.io\/en\/wp-json\/wp\/v2\/media?parent=1459"}],"curies":[{"name":"wp","href":"https:\/\/api.w.org\/{rel}","templated":true}]}}