{"id":1518,"date":"2021-01-04T16:48:41","date_gmt":"2021-01-04T15:48:41","guid":{"rendered":"https:\/\/flowguard.io\/mesicni-reporty\/"},"modified":"2021-03-26T17:43:49","modified_gmt":"2021-03-26T16:43:49","slug":"mesicni-reporty","status":"publish","type":"page","link":"https:\/\/flowguard.io\/en\/mesicni-reporty\/","title":{"rendered":"M\u011bs\u00ed\u010dn\u00ed reporty"},"content":{"rendered":"<h1>\n\t\tPod\u00edvejte se ka\u017ed\u00fd m\u011bs\u00edc do kuchyn\u011b FlowGuardu\n\t<\/h1>\n\t\t\t\t<img decoding=\"async\" src=\"https:\/\/flowguard.io\/assets\/uploads\/sites\/1325\/2020\/11\/HP-shield.svg\" alt=\"Icon Shield DDoS Protection FlowGuard\" title=\"HP shield\" \/>\n\t\t\t\t<ul>\n<li>M\u011bs\u00ed\u010dn\u00ed reporty DDoS situace v \u010cR<\/li>\n<li>P\u0159ehled p\u0159\u00edchoz\u00edho s\u00ed\u0165ov\u00e9ho provozu<\/li>\n<li>Intenzita a doba trv\u00e1n\u00ed \u00fatok\u016f<\/li>\n<li>\u00datoky dle protokolu, kontinent\u016f, zem\u00ed, AS<\/li>\n<li>P\u0159ehled obsahu reputa\u010dn\u00ed datab\u00e1ze<\/li>\n<li>Anal\u00fdza vybran\u00e9ho \u00fatoku<\/li>\n<\/ul>\n<p>Pod\u00edvejte se jednodu\u0161e ka\u017ed\u00fd m\u011bs\u00edc p\u0159\u00edmo do kuchyn\u011b FlowGuardu<\/p>\n<h3>\n\t\tChci p\u0159\u00edstup k report\u016fm\n\t<\/h3>\n\t\t\t\t<a href=\"https:\/\/flowguard.io\/\" target=\"_self\" rel=\"noopener\">\n\t\t\t\t<img decoding=\"async\" src=\"https:\/\/flowguard.io\/assets\/uploads\/sites\/1325\/2020\/11\/logo-FlowGuard-white.svg\" alt=\"Logo FlowGuard_white\" height=\"49px\" width=\"166px\" title=\"logo FlowGuard white\" \/>\n\t\t\t\t<\/a>\n\t<a href=\"https:\/\/flowguard.io\/en\/demo\/\" target=\"_self\" rel=\"nofollow noopener\"><\/a>\t\t\n\t\t\t\t<img decoding=\"async\" src=\"https:\/\/flowguard.io\/assets\/uploads\/sites\/1325\/2020\/12\/small-arrow-white.svg\" alt=\"Icon Demo FlowGuard\" title=\"small arrow white\" \/>\n\t\t\t<p>Demo<\/p>\t\t\t\n\t<a href=\"https:\/\/flowguard.io\/en\/contact\/\" target=\"_self\" rel=\"nofollow noopener\"><\/a>\t\t\n\t\t\t\t<img decoding=\"async\" src=\"https:\/\/flowguard.io\/assets\/uploads\/sites\/1325\/2020\/12\/small-phone-white.svg\" alt=\"Icon Hotline FlowGuard\" title=\"small phone white\" \/>\n\t\t\t<p>Hotline<\/p>\t\t\t\n\t<p>Zanechte n\u00e1m zpr\u00e1vu<\/p>\n\t<p>\u00a9 ComSource 2021<\/p>\n","protected":false},"excerpt":{"rendered":"<p>Pod\u00edvejte se ka\u017ed\u00fd m\u011bs\u00edc do kuchyn\u011b FlowGuardu M\u011bs\u00ed\u010dn\u00ed reporty DDoS situace v \u010cR P\u0159ehled p\u0159\u00edchoz\u00edho s\u00ed\u0165ov\u00e9ho provozu Intenzita a doba trv\u00e1n\u00ed \u00fatok\u016f \u00datoky dle protokolu, kontinent\u016f, zem\u00ed, AS P\u0159ehled obsahu reputa\u010dn\u00ed datab\u00e1ze Anal\u00fdza vybran\u00e9ho \u00fatoku Pod\u00edvejte se jednodu\u0161e ka\u017ed\u00fd m\u011bs\u00edc p\u0159\u00edmo do kuchyn\u011b FlowGuardu Chci p\u0159\u00edstup k report\u016fm Demo Hotline Zanechte n\u00e1m zpr\u00e1vu \u00a9 ComSource&hellip;<\/p>\n","protected":false},"author":924,"featured_media":0,"parent":0,"menu_order":0,"comment_status":"closed","ping_status":"closed","template":"","meta":{"inline_featured_image":false,"footnotes":""},"class_list":["post-1518","page","type-page","status-publish","hentry"],"_links":{"self":[{"href":"https:\/\/flowguard.io\/en\/wp-json\/wp\/v2\/pages\/1518","targetHints":{"allow":["GET"]}}],"collection":[{"href":"https:\/\/flowguard.io\/en\/wp-json\/wp\/v2\/pages"}],"about":[{"href":"https:\/\/flowguard.io\/en\/wp-json\/wp\/v2\/types\/page"}],"author":[{"embeddable":true,"href":"https:\/\/flowguard.io\/en\/wp-json\/wp\/v2\/users\/924"}],"replies":[{"embeddable":true,"href":"https:\/\/flowguard.io\/en\/wp-json\/wp\/v2\/comments?post=1518"}],"version-history":[{"count":4,"href":"https:\/\/flowguard.io\/en\/wp-json\/wp\/v2\/pages\/1518\/revisions"}],"predecessor-version":[{"id":1845,"href":"https:\/\/flowguard.io\/en\/wp-json\/wp\/v2\/pages\/1518\/revisions\/1845"}],"wp:attachment":[{"href":"https:\/\/flowguard.io\/en\/wp-json\/wp\/v2\/media?parent=1518"}],"curies":[{"name":"wp","href":"https:\/\/api.w.org\/{rel}","templated":true}]}}