{"id":1528,"date":"2020-09-29T14:47:45","date_gmt":"2020-09-29T12:47:45","guid":{"rendered":"https:\/\/flowguard.io\/solution-for\/reseni-pro-statni-spravu\/"},"modified":"2021-03-25T19:49:31","modified_gmt":"2021-03-25T18:49:31","slug":"solution-for-public-administration","status":"publish","type":"page","link":"https:\/\/flowguard.io\/en\/solution-for\/solution-for-public-administration\/","title":{"rendered":"Public administration"},"content":{"rendered":"\n\t\t\t\t<img decoding=\"async\" src=\"https:\/\/flowguard.io\/assets\/uploads\/sites\/1325\/2020\/11\/Ikona-V-Statni-Sprava.svg\" alt=\"Chr\u00e1n\u011bn\u00e1 s\u00ed\u0165ov\u00e1 infrastruktura St\u00e1tn\u00ed spr\u00e1va\" height=\"47.1px\" width=\"63.3px\" title=\"Ikona-V-Statni-Sprava\" \/>\n\t<h1>\n\t\t\t\tSolution for public administration\n\t\t\t<\/h1>\n\t\t<p>FlowGuard is a service that enables the provision of seamless online services to citizens thanks to the perfect protection of the network and web infrastructure.<\/p>\n\t\t\t\t<img decoding=\"async\" src=\"https:\/\/flowguard.io\/assets\/uploads\/sites\/1325\/2020\/10\/Ilustrace-Statni-Sprava.svg\" alt=\"Ilustrace Statni Sprava \" height=\"350.6px\" width=\"692.4px\" title=\"Ilustrace-Statni-Sprava\" \/>\n\t\t\t<a href=\"https:\/\/flowguard.io\/en\/flowguard-infrastructure-protection\/\" target=\"_self\" role=\"button\" rel=\"noopener\">\n\t\t\t\t\t\tNetwork infrastructure protection\n\t\t\t\t\t<\/a>\n\t\t\t<a href=\"https:\/\/flowguard.io\/en\/flowguard-web-protection\/\" target=\"_self\" role=\"button\" rel=\"noopener\">\n\t\t\t\t\t\tWebsite protection\n\t\t\t\t\t<\/a>\n\t\t\t<a href=\"https:\/\/flowguard.io\/en\/flowguard-data-retention\/\" target=\"_self\" role=\"button\" rel=\"noopener\">\n\t\t\t\t\t\tData Retention\n\t\t\t\t\t<\/a>\n\t<h2>\n\t\t\t\tModern state stands and falls with availability of online services\n\t\t\t<\/h2>\n\t\t<p>In line with the objectives of the EU eGovernment Action Plan, public administration and solf-government are being digitized. All authorities and institutions have websites, e-mail and data boxes. And networks where there is a large amount of sensitive data. They are ideal targets for DDoS attacks. There are attempts to slow down or drop online services using huge amounts of data. In addition, it often masks the attempt to steal information. FlowGuard can detect and eliminate them.<\/p>\n<p>&nbsp;<\/p>\n<p>The consequences of disconnection from the Internet can be serious, Websites are not working, so citizens do not see office hours, information, cannot book an appointment. There are no service portals, e-submission or e-mails, and agendas cannot be handled properly.<\/p>\n<p>&nbsp;<\/p>\n<p>The real damage can be caused by a failure of data boxes. E.g. if a citizen fails to send a tax return. This also applies to VPNs and so-called managed devices. You cannot connect to the network from the outside or even not at all, and the work is stopped. If it is the theft of personal data, then we can talk about threat to the state. We offer a Data Retention module supporting the investigation of security incidents.<\/p>\n<p>&nbsp;<\/p>\n<p>The FlowGuard solution is a technologically advanced and cost-effective solution. Contact us and we will try to figure out, how to create a safer modern state.<\/p>\n<h2>\n\t\tNeeds of public administration\n\t<\/h2>\n\t\t\t\t<a href=\"https:\/\/flowguard.io\/en\/flowguard-infrastructure-protection\/\" target=\"_self\" rel=\"nofollow noopener\">\n\t\t\t\t<img decoding=\"async\" src=\"https:\/\/flowguard.io\/assets\/uploads\/sites\/1325\/2020\/11\/Logo-FG-IP_.svg\" alt=\"Logo FlowGuard Ingrastructure Protection_blue\" height=\"75px\" width=\"333px\" title=\"Logo FG IP_\" \/>\n\t\t\t\t<\/a>\n\t<a href=\"https:\/\/flowguard.io\/en\/flowguard-infrastructure-protection\/\" target=\"_self\" rel=\"nofollow noopener\"><\/a> \n\t\t\t<h4>Protected network infrastructure<\/h4>\t\t\t\n\t\t\t\t<p>FlowGuard Infrastructure Protection is a complex service based on the latest knowledge in the field of information technology ensuring the continuous availability of network services for the customer or his end customers.<\/p>\n\t\t\t\t<a href=\"https:\/\/flowguard.io\/en\/flowguard-web-protection\/\" target=\"_self\" rel=\"nofollow noopener\">\n\t\t\t\t<img decoding=\"async\" src=\"https:\/\/flowguard.io\/assets\/uploads\/sites\/1325\/2020\/11\/Logo-FG-WP_.svg\" alt=\"Logo FlowGuard Website Protection_blue\" height=\"65px\" width=\"302.7px\" title=\"Logo FG WP_\" \/>\n\t\t\t\t<\/a>\n\t<a href=\"https:\/\/flowguard.io\/en\/flowguard-web-protection\/\" target=\"_self\" rel=\"nofollow noopener\"><\/a> \n\t\t\t<h4>Website protection<\/h4>\t\t\t\n\t\t\t\t<p>Our Website Protection solution FlowGuard protects your during an ongoing attack without interrupting website traffic. During DDoS attacks, it identifies dangerous data and neutralizes it effectively.<\/p>\n\t\t\t\t<a href=\"https:\/\/flowguard.io\/en\/flowguard-data-retention\/\" target=\"_self\" rel=\"nofollow noopener\">\n\t\t\t\t<img decoding=\"async\" src=\"https:\/\/flowguard.io\/assets\/uploads\/sites\/1325\/2020\/11\/Logo-FG-DR.svg\" alt=\"Logo FlowGuard Infrastructure Protection_blue\" height=\"74.1px\" width=\"298.8px\" title=\"Logo FG DR\" \/>\n\t\t\t\t<\/a>\n\t<a href=\"https:\/\/flowguard.io\/en\/flowguard-data-retention\/\" target=\"_self\" rel=\"nofollow noopener\"><\/a> \n\t\t\t<h4>Data Retention \u2013 storage of operational data<\/h4>\t\t\t\n\t\t\t\t<p>The remotely accessible cloud solution FlowGuard Data Retention is an efficient and economical tool without obligations for storing operational and location data. It serves both for the needs of internal incident investigation and for meeting the requirements of the Electronic Communications Act. <\/p>\n\t<h2>\n\t\t\t\tHow to start with FlowGuard?\n\t\t\t<\/h2>\n\t\t<p>Contact us and we will get back to you. We make an appointment to find out what are your need. Together we come up with a solution exactly for you. So it only takes a few weeks from filling in the form until you are fully protected. Well, then you can just focus on your business. That sounds good, doesn`t it?<\/p>\n\t\t\t<a href=\"https:\/\/flowguard.io\/en\/contact\/\" target=\"_self\" role=\"button\" rel=\"noopener\">\n\t\t\t\t\t\tLeave a message\n\t\t\t\t\t<\/a>\n<h3>\n\t\tWhy FlowGuard? \n\t<\/h3>\n\t\t\t\t<img decoding=\"async\" src=\"https:\/\/flowguard.io\/assets\/uploads\/sites\/1325\/2021\/02\/dohledove-centrum.png\" alt=\"Dohledov\u00e9 centrum\" title=\"dohledove_centrum\" \/>\n\t\t\t\t<p><strong>24 \/ 7 <\/strong>Monitoring center<\/p>\n\t\t\t\t<img decoding=\"async\" src=\"https:\/\/flowguard.io\/assets\/uploads\/sites\/1325\/2020\/11\/HP-lightbulb.svg\" alt=\"Icon Anti ddos attack software\" title=\"HP lightbulb\" \/>\n\t\t<h3>Smart attack detection<\/h3>\t\t\t\n\t\t\t\t<p>Machine learning and artificial intelligence help us to be on step ahead of the attackers.<\/p>\n\t\t\t\t<img decoding=\"async\" src=\"https:\/\/flowguard.io\/assets\/uploads\/sites\/1325\/2020\/11\/HP-shield.svg\" alt=\"Icon Shield DDoS Protection FlowGuard\" title=\"HP shield\" \/>\n\t\t<h3>Tested in practice<\/h3>\t\t\t\n\t\t\t\t<p>We continuously adjust the functionalities according to the current situation, e.g. size and attack vectors. <\/p>\n\t\t\t\t<img decoding=\"async\" src=\"https:\/\/flowguard.io\/assets\/uploads\/sites\/1325\/2020\/11\/HP-cloud.svg\" alt=\"Icon FlowGuard Cloud\" title=\"HP cloud\" \/>\n\t\t<h3>Fast cloud solution<\/h3>\t\t\t\n\t\t\t\t<p>We provide you with smooth operation, logging, 24\/7 monitoring or cleaning from malicious code.<\/p>\n\t\t\t<a href=\"https:\/\/flowguard.io\/en\/benefits-of-flowguard\/\" target=\"_self\" role=\"button\" rel=\"noopener\">\n\t\t\t\t\t\t\tMore about FlowGuard benefits\n\t\t\t\t\t<\/a>\n\t\t\t<a href=\"https:\/\/flowguard.io\/en\/contact\/#formular\" target=\"_self\" role=\"button\" rel=\"noopener\">\n\t\t\t\t\t\t\tI want to be protected \n\t\t\t\t\t<\/a>\n\t\t\t\t<a href=\"https:\/\/flowguard.io\/en\/\" target=\"_self\" rel=\"noopener\">\n\t\t\t\t<img decoding=\"async\" src=\"https:\/\/flowguard.io\/assets\/uploads\/sites\/1325\/2020\/11\/logo-FlowGuard-white.svg\" alt=\"Logo FlowGuard_white\" height=\"49px\" width=\"166px\" title=\"logo FlowGuard white\" \/>\n\t\t\t\t<\/a>\n\t<a href=\"https:\/\/flowguard.io\/en\/demo\/\" target=\"_self\" rel=\"nofollow noopener\"><\/a>\t\t\n\t\t\t\t<img decoding=\"async\" src=\"https:\/\/flowguard.io\/assets\/uploads\/sites\/1325\/2020\/12\/small-arrow-white.svg\" alt=\"Icon Demo FlowGuard\" title=\"small arrow white\" \/>\n\t\t\t<p>Demo<\/p>\t\t\t\n\t<a href=\"https:\/\/flowguard.io\/en\/contact\/\" target=\"_self\" rel=\"nofollow noopener\"><\/a>\t\t\n\t\t\t\t<img decoding=\"async\" src=\"https:\/\/flowguard.io\/assets\/uploads\/sites\/1325\/2020\/12\/small-phone-white.svg\" alt=\"Icon Hotline FlowGuard\" title=\"small phone white\" \/>\n\t\t\t<p>Hotline<\/p>\t\t\t\n\t<p>Leave a message<\/p>\n\t<p>\u00a9 ComSource 2021<\/p>\n","protected":false},"excerpt":{"rendered":"<p>Solution for public administration FlowGuard is a service that enables the provision of seamless online services to citizens thanks to the perfect protection of the network and web infrastructure. Network infrastructure protection Website protection Data Retention Modern state stands and falls with availability of online services In line with the objectives of the EU eGovernment&hellip;<\/p>\n","protected":false},"author":2232,"featured_media":0,"parent":1443,"menu_order":0,"comment_status":"closed","ping_status":"closed","template":"","meta":{"inline_featured_image":false,"footnotes":""},"class_list":["post-1528","page","type-page","status-publish","hentry"],"_links":{"self":[{"href":"https:\/\/flowguard.io\/en\/wp-json\/wp\/v2\/pages\/1528","targetHints":{"allow":["GET"]}}],"collection":[{"href":"https:\/\/flowguard.io\/en\/wp-json\/wp\/v2\/pages"}],"about":[{"href":"https:\/\/flowguard.io\/en\/wp-json\/wp\/v2\/types\/page"}],"author":[{"embeddable":true,"href":"https:\/\/flowguard.io\/en\/wp-json\/wp\/v2\/users\/2232"}],"replies":[{"embeddable":true,"href":"https:\/\/flowguard.io\/en\/wp-json\/wp\/v2\/comments?post=1528"}],"version-history":[{"count":4,"href":"https:\/\/flowguard.io\/en\/wp-json\/wp\/v2\/pages\/1528\/revisions"}],"predecessor-version":[{"id":1818,"href":"https:\/\/flowguard.io\/en\/wp-json\/wp\/v2\/pages\/1528\/revisions\/1818"}],"up":[{"embeddable":true,"href":"https:\/\/flowguard.io\/en\/wp-json\/wp\/v2\/pages\/1443"}],"wp:attachment":[{"href":"https:\/\/flowguard.io\/en\/wp-json\/wp\/v2\/media?parent=1528"}],"curies":[{"name":"wp","href":"https:\/\/api.w.org\/{rel}","templated":true}]}}