{"id":1531,"date":"2020-09-29T14:52:26","date_gmt":"2020-09-29T12:52:26","guid":{"rendered":"https:\/\/flowguard.io\/solution-for\/reseni-pro-zdravotnictvi\/"},"modified":"2021-03-25T19:54:41","modified_gmt":"2021-03-25T18:54:41","slug":"solution-for-healthcare","status":"publish","type":"page","link":"https:\/\/flowguard.io\/en\/solution-for\/solution-for-healthcare\/","title":{"rendered":"Healthcare"},"content":{"rendered":"\n\t\t\t\t<img decoding=\"async\" src=\"https:\/\/flowguard.io\/assets\/uploads\/sites\/1325\/2020\/11\/Ikona-V-Nemocnice.svg\" alt=\"Zdravotnictv\u00ed  volumetrick\u00e9 DDoS \u00fatoky\" height=\"60.9px\" width=\"60.9px\" title=\"Ikona-V-Nemocnice\" \/>\n\t<h1>\n\t\t\t\tSolution for healthcare\n\t\t\t<\/h1>\n\t\t<p>FlowGuard mitigates DDoS attacks. It ensures the permanent availability of all your online services and related processes. It thus frees up both your staff and technical capacities for the human health care. <\/p>\n\t\t\t\t<img decoding=\"async\" src=\"https:\/\/flowguard.io\/assets\/uploads\/sites\/1325\/2020\/10\/Ilustrace-Nemocnice.svg\" alt=\"Ilustrace Nemocnice \" height=\"350.6px\" width=\"692.4px\" title=\"Ilustrace-Nemocnice\" \/>\n\t\t\t<a href=\"https:\/\/flowguard.io\/en\/flowguard-infrastructure-protection\/\" target=\"_self\" role=\"button\" rel=\"noopener\">\n\t\t\t\t\t\tNetwork infrastructure protection\n\t\t\t\t\t<\/a>\n\t\t\t<a href=\"https:\/\/flowguard.io\/en\/flowguard-web-protection\/\" target=\"_self\" role=\"button\" rel=\"noopener\">\n\t\t\t\t\t\tWebsite protection\n\t\t\t\t\t<\/a>\n\t\t\t<a href=\"https:\/\/flowguard.io\/en\/flowguard-data-retention\/\" target=\"_self\" role=\"button\" rel=\"noopener\">\n\t\t\t\t\t\tData Retention\n\t\t\t\t\t<\/a>\n\t<h2>\n\t\t\t\tSafe healthcare = health protection\n\t\t\t<\/h2>\n\t\t<p>Healthcare is not just about proper care, but also about information. Most hospitals, health insurance companies, clinics and private practices have websites, online reservations or insurance overview applications. Professional workplaces in hospitals and doctors Exchange data over a network that operates on the Internet or by e-mail.<\/p>\n<p>&nbsp;<\/p>\n<p>At the moment, they become a target for volumetric DDoS attacks. You are trying to paralyze online services and network infrastructure. Attacks on health care institutions can cause great damage. Attempts to steal sensitive data or blackmail often follow. But FlowGuard can stop them.<\/p>\n<p>&nbsp;<\/p>\n<p>An internet outage means that people cannot find contacts, order a examination, register with the club of insured persons, or do not send an annual report. Websites for sharing know-how between healthcare professionals, PACS databases, online meetings or cloud storage in insurance companies do not work.<\/p>\n<p>&nbsp;<\/p>\n<p>Even worse is, when doctors do not get laboratory results, X-ray or CT in time, because the network or e-mail does not work or when you can\u00b4t issue an e-recipe. Then human health or even life is endangered. And we don\u00b4t want to allow that. Contact us! FlowGuard is here so you can focus on human health.<\/p>\n<h2>\n\t\tNeeds of healthcare\n\t<\/h2>\n\t\t\t\t<a href=\"https:\/\/flowguard.io\/en\/flowguard-infrastructure-protection\/\" target=\"_self\" rel=\"nofollow noopener\">\n\t\t\t\t<img decoding=\"async\" src=\"https:\/\/flowguard.io\/assets\/uploads\/sites\/1325\/2020\/11\/Logo-FG-IP_.svg\" alt=\"Logo FlowGuard Ingrastructure Protection_blue\" height=\"75px\" width=\"333px\" title=\"Logo FG IP_\" \/>\n\t\t\t\t<\/a>\n\t<a href=\"https:\/\/flowguard.io\/en\/flowguard-infrastructure-protection\/\" target=\"_self\" rel=\"nofollow noopener\"><\/a> \n\t\t\t<h4>Protected network infrastructure<\/h4>\t\t\t\n\t\t\t\t<p>FlowGuard Infrastructure Protection is a complex service based on the latest knowledge in the field of information technology ensuring the continuous availability of network services for the customer or his end customers.<\/p>\n\t\t\t\t<a href=\"https:\/\/flowguard.io\/en\/flowguard-web-protection\/\" target=\"_self\" rel=\"nofollow noopener\">\n\t\t\t\t<img decoding=\"async\" src=\"https:\/\/flowguard.io\/assets\/uploads\/sites\/1325\/2020\/11\/Logo-FG-WP_.svg\" alt=\"Logo FlowGuard Website Protection_blue\" height=\"65px\" width=\"302.7px\" title=\"Logo FG WP_\" \/>\n\t\t\t\t<\/a>\n\t<a href=\"https:\/\/flowguard.io\/en\/flowguard-web-protection\/\" target=\"_self\" rel=\"nofollow noopener\"><\/a> \n\t\t\t<h4>Website protection<\/h4>\t\t\t\n\t\t\t\t<p>Our Website Protection solution FlowGuard protects your during an ongoing attack without interrupting website traffic. During DDoS attacks, it identifies dangerous data and neutralizes it effectively.<\/p>\n\t\t\t\t<a href=\"https:\/\/flowguard.io\/en\/flowguard-data-retention\/\" target=\"_self\" rel=\"nofollow noopener\">\n\t\t\t\t<img decoding=\"async\" src=\"https:\/\/flowguard.io\/assets\/uploads\/sites\/1325\/2020\/11\/Logo-FG-DR.svg\" alt=\"Logo FlowGuard Infrastructure Protection_blue\" height=\"74.1px\" width=\"298.8px\" title=\"Logo FG DR\" \/>\n\t\t\t\t<\/a>\n\t<a href=\"https:\/\/flowguard.io\/en\/flowguard-data-retention\/\" target=\"_self\" rel=\"nofollow noopener\"><\/a> \n\t\t\t<h4>Data Retention \u2013 storage of operational data<\/h4>\t\t\t\n\t\t\t\t<p>The remotely accessible cloud solution FlowGuard Data Retention is an efficient and economical tool without obligations for storing operational and location data. It serves both for the needs of internal incident investigation and for meeting the requirements of the Electronic Communications Act.<\/p>\n\t<h2>\n\t\t\t\tHow to start with FlowGuard?\n\t\t\t<\/h2>\n\t\t<p>Contact us and we will get back to you. We make an appointment to find out what are your need. Together we come up with a solution exactly for you. So it only takes a few weeks from filling in the form until you are fully protected. Well, then you can just focus on your business. That sounds good, doesn`t it?<\/p>\n\t\t\t<a href=\"https:\/\/flowguard.io\/en\/contact\/\" target=\"_self\" role=\"button\" rel=\"noopener\">\n\t\t\t\t\t\tLeave a message\n\t\t\t\t\t<\/a>\n<h3>\n\t\tWhy FlowGuard? \n\t<\/h3>\n\t\t\t\t<img decoding=\"async\" src=\"https:\/\/flowguard.io\/assets\/uploads\/sites\/1325\/2021\/02\/dohledove-centrum.png\" alt=\"Dohledov\u00e9 centrum\" title=\"dohledove_centrum\" \/>\n\t\t\t\t<p><strong>24 \/ 7 <\/strong>Monitoring center<\/p>\n\t\t\t\t<img decoding=\"async\" src=\"https:\/\/flowguard.io\/assets\/uploads\/sites\/1325\/2020\/11\/HP-lightbulb.svg\" alt=\"Icon Anti ddos attack software\" title=\"HP lightbulb\" \/>\n\t\t<h3>Smart attack detection<\/h3>\t\t\t\n\t\t\t\t<p>Machine learning and artificial intelligence help us to be on step ahead of the attackers.<\/p>\n\t\t\t\t<img decoding=\"async\" src=\"https:\/\/flowguard.io\/assets\/uploads\/sites\/1325\/2020\/11\/HP-shield.svg\" alt=\"Icon Shield DDoS Protection FlowGuard\" title=\"HP shield\" \/>\n\t\t<h3>Tested in practice<\/h3>\t\t\t\n\t\t\t\t<p>We continuously adjust the functionalities according to the current situation, e.g. size and attack vectors. <\/p>\n\t\t\t\t<img decoding=\"async\" src=\"https:\/\/flowguard.io\/assets\/uploads\/sites\/1325\/2020\/11\/HP-cloud.svg\" alt=\"Icon FlowGuard Cloud\" title=\"HP cloud\" \/>\n\t\t<h3>Fast cloud solution<\/h3>\t\t\t\n\t\t\t\t<p>We provide you with smooth operation, logging, 24\/7 monitoring or cleaning from malicious code.<\/p>\n\t\t\t<a href=\"https:\/\/flowguard.io\/en\/benefits-of-flowguard\/\" target=\"_self\" role=\"button\" rel=\"noopener\">\n\t\t\t\t\t\t\tMore about FlowGuard benefits\n\t\t\t\t\t<\/a>\n\t\t\t<a href=\"https:\/\/flowguard.io\/en\/contact\/#formular\" target=\"_self\" role=\"button\" rel=\"noopener\">\n\t\t\t\t\t\t\tI want to be protected \n\t\t\t\t\t<\/a>\n\t\t\t\t<a href=\"https:\/\/flowguard.io\/en\/\" target=\"_self\" rel=\"noopener\">\n\t\t\t\t<img decoding=\"async\" src=\"https:\/\/flowguard.io\/assets\/uploads\/sites\/1325\/2020\/11\/logo-FlowGuard-white.svg\" alt=\"Logo FlowGuard_white\" height=\"49px\" width=\"166px\" title=\"logo FlowGuard white\" \/>\n\t\t\t\t<\/a>\n\t<a href=\"https:\/\/flowguard.io\/en\/demo\/\" target=\"_self\" rel=\"nofollow noopener\"><\/a>\t\t\n\t\t\t\t<img decoding=\"async\" src=\"https:\/\/flowguard.io\/assets\/uploads\/sites\/1325\/2020\/12\/small-arrow-white.svg\" alt=\"Icon Demo FlowGuard\" title=\"small arrow white\" \/>\n\t\t\t<p>Demo<\/p>\t\t\t\n\t<a href=\"https:\/\/flowguard.io\/en\/contact\/\" target=\"_self\" rel=\"nofollow noopener\"><\/a>\t\t\n\t\t\t\t<img decoding=\"async\" src=\"https:\/\/flowguard.io\/assets\/uploads\/sites\/1325\/2020\/12\/small-phone-white.svg\" alt=\"Icon Hotline FlowGuard\" title=\"small phone white\" \/>\n\t\t\t<p>Hotline<\/p>\t\t\t\n\t<p>Leave a message<\/p>\n\t<p>\u00a9 ComSource 2021<\/p>\n","protected":false},"excerpt":{"rendered":"<p>Solution for healthcare FlowGuard mitigates DDoS attacks. It ensures the permanent availability of all your online services and related processes. It thus frees up both your staff and technical capacities for the human health care. Network infrastructure protection Website protection Data Retention Safe healthcare = health protection Healthcare is not just about proper care, but&hellip;<\/p>\n","protected":false},"author":2232,"featured_media":0,"parent":1443,"menu_order":0,"comment_status":"closed","ping_status":"closed","template":"","meta":{"inline_featured_image":false,"footnotes":""},"class_list":["post-1531","page","type-page","status-publish","hentry"],"_links":{"self":[{"href":"https:\/\/flowguard.io\/en\/wp-json\/wp\/v2\/pages\/1531","targetHints":{"allow":["GET"]}}],"collection":[{"href":"https:\/\/flowguard.io\/en\/wp-json\/wp\/v2\/pages"}],"about":[{"href":"https:\/\/flowguard.io\/en\/wp-json\/wp\/v2\/types\/page"}],"author":[{"embeddable":true,"href":"https:\/\/flowguard.io\/en\/wp-json\/wp\/v2\/users\/2232"}],"replies":[{"embeddable":true,"href":"https:\/\/flowguard.io\/en\/wp-json\/wp\/v2\/comments?post=1531"}],"version-history":[{"count":4,"href":"https:\/\/flowguard.io\/en\/wp-json\/wp\/v2\/pages\/1531\/revisions"}],"predecessor-version":[{"id":1819,"href":"https:\/\/flowguard.io\/en\/wp-json\/wp\/v2\/pages\/1531\/revisions\/1819"}],"up":[{"embeddable":true,"href":"https:\/\/flowguard.io\/en\/wp-json\/wp\/v2\/pages\/1443"}],"wp:attachment":[{"href":"https:\/\/flowguard.io\/en\/wp-json\/wp\/v2\/media?parent=1531"}],"curies":[{"name":"wp","href":"https:\/\/api.w.org\/{rel}","templated":true}]}}