{"id":1534,"date":"2020-09-28T21:03:55","date_gmt":"2020-09-28T19:03:55","guid":{"rendered":"https:\/\/flowguard.io\/vyhody-flowguard\/"},"modified":"2021-03-25T19:57:05","modified_gmt":"2021-03-25T18:57:05","slug":"benefits-of-flowguard","status":"publish","type":"page","link":"https:\/\/flowguard.io\/en\/benefits-of-flowguard\/","title":{"rendered":"Benefits of FlowGuard"},"content":{"rendered":"\n\t\t\t\t<img decoding=\"async\" src=\"https:\/\/flowguard.io\/assets\/uploads\/sites\/1325\/2020\/11\/Icon-advantage.svg\" alt=\"Icon Advantage FlowGuard\" height=\"44.5px\" width=\"71.7px\" title=\"Icon advantage\" \/>\n\t<h1>\n\t\t\t\tBenefits of FlowGuard\n\t\t\t<\/h1>\n\t\t<p>Every day, FlowGuard protects against DDoS attacks by international banks, government institutions and leading e-shops. Discuss FlowGuard options with our specialists. The benefits that FlowGuard brings you will make you forever forget about your problems associated with cyber-attacks.<\/p>\n\t\t\t\t<img loading=\"lazy\" decoding=\"async\" src=\"https:\/\/flowguard.io\/assets\/uploads\/sites\/1325\/2020\/11\/screen-attack-perspective.png\" alt=\"Screen FlowGuard Attack Perspective\" height=\"712\" width=\"1266\" title=\"Screen attack perspective\" \/>\n\t\t\t\t<img decoding=\"async\" src=\"https:\/\/flowguard.io\/assets\/uploads\/sites\/1325\/2020\/11\/Vyhody-Reseni.svg\" alt=\"ddos mitigation solutions\" title=\"Vyhody-Reseni\" \/>\n\t\t<h3>Solution that works<\/h3>\t\t\t\n\t\t\t\t<ul>\n<li>You are not alone in DDoS attacks &#8211; FlowGuard is behind you.<\/li>\n<li>You don\u00b4t have to accept hackers as an everyday reality \u2013 there is an effective defense.<\/li>\n<li>Automatic activation against attack \u2013 less burden for IT Security department.<\/li>\n<li>Knowledge of the Czech environment, local implementation and responsibility.<\/li>\n<\/ul>\n\t\t\t\t<img decoding=\"async\" src=\"https:\/\/flowguard.io\/assets\/uploads\/sites\/1325\/2020\/11\/Vyhody-Finance.svg\" alt=\"N\u00e1klady na Anti DDoS \u0159e\u0161en\u00ed\" title=\"Vyhody-Finance\" \/>\n\t\t<h3>Finances are important<\/h3>\t\t\t\n\t\t\t\t<ul>\n<li>The service works in the cloud \u2013 no additional space or infrastructure costs.<\/li>\n<li>Data Retention \u2013 no worries, obligations or threat of fines.<\/li>\n<li>Online sales runs even during attack \u2013 thanks to redirection and data cleaning goes normal customer traffic unharmed.<\/li>\n<li>Save on insurance against consequences of attacks \u2013 your CFO will be thrilled.<\/li>\n<\/ul>\n\t\t\t\t<img decoding=\"async\" src=\"https:\/\/flowguard.io\/assets\/uploads\/sites\/1325\/2020\/11\/Vyhody-Podpora.svg\" alt=\"V\u00fdvoj a podpora FlowGuard\" title=\"Vyhody-Podpora\" \/>\n\t\t<h3>Neverending development<\/h3>\t\t\t\n\t\t\t\t<ul>\n<li>The solution does not ever become obsolete \u2013 we are continuously developing new functionalities.<\/li>\n<li>The principle of lessons learnt \u2013 from previous developments \u2013 by analyzing attacks, we learn together.<\/li>\n<li>Modern and sophisticated solution \u2013 uses artificial intelligence and machine learning.<\/li>\n<\/ul>\n\t\t\t\t<img decoding=\"async\" src=\"https:\/\/flowguard.io\/assets\/uploads\/sites\/1325\/2020\/11\/Vyhody-Vyvoj.svg\" alt=\"V\u00fdhody a p\u0159\u00ednosy FlowGuard\" title=\"Vyhody-Vyvoj\" \/>\n\t\t<h3>We support you as a real partner<\/h3>\t\t\t\n\t\t\t\t<ul>\n<li>DDoS attack will no longer surprise you \u2013 we offer 24\/7 monitoring.<\/li>\n<li>Elegant and systematic solution &#8211; easy implementation, transparent reporting.<\/li>\n<li>Czech speaking 24\/7 support \u2013 no need to try to explain your problems in English at midnight.<\/li>\n<\/ul>\n\t\t\t<a href=\"https:\/\/flowguard.io\/en\/contact\/\" target=\"_self\" role=\"button\" rel=\"noopener\">\n\t\t\t\t\t\tI want to be protected\n\t\t\t\t\t<\/a>\n\t<h2>\n\t\t\t\tHow to start with FlowGuard?\n\t\t\t<\/h2>\n\t\t<p>Contact us and we get back to you. We make an appointment to find out your needs. Together we come up with a solution that is exactly right one for you. So it only takes a few weeks from filling in the form until you are fully protected. Well, then you just think about your business. That sounds good, doesn`t it?<\/p>\n\t\t\t<a href=\"https:\/\/flowguard.io\/en\/contact\/\" target=\"_self\" role=\"button\" rel=\"noopener\">\n\t\t\t\t\t\tLeave contact\n\t\t\t\t\t<\/a>\n<h3>\n\t\tWhy FlowGuard? \n\t<\/h3>\n\t\t\t\t<img decoding=\"async\" src=\"https:\/\/flowguard.io\/assets\/uploads\/sites\/1325\/2021\/02\/dohledove-centrum.png\" alt=\"Dohledov\u00e9 centrum\" title=\"dohledove_centrum\" \/>\n\t\t\t\t<p><strong>24 \/ 7 <\/strong>Monitoring center<\/p>\n\t\t\t\t<img decoding=\"async\" src=\"https:\/\/flowguard.io\/assets\/uploads\/sites\/1325\/2020\/11\/HP-lightbulb.svg\" alt=\"Icon Anti ddos attack software\" title=\"HP lightbulb\" \/>\n\t\t<h3>Smart attack detection<\/h3>\t\t\t\n\t\t\t\t<p>Machine learning and artificial intelligence help us to be on step ahead of the attackers.<\/p>\n\t\t\t\t<img decoding=\"async\" src=\"https:\/\/flowguard.io\/assets\/uploads\/sites\/1325\/2020\/11\/HP-shield.svg\" alt=\"Icon Shield DDoS Protection FlowGuard\" title=\"HP shield\" \/>\n\t\t<h3>Tested in practice<\/h3>\t\t\t\n\t\t\t\t<p>We continuously adjust the functionalities according to the current situation, e.g. size and attack vectors. <\/p>\n\t\t\t\t<img decoding=\"async\" src=\"https:\/\/flowguard.io\/assets\/uploads\/sites\/1325\/2020\/11\/HP-cloud.svg\" alt=\"Icon FlowGuard Cloud\" title=\"HP cloud\" \/>\n\t\t<h3>Fast cloud solution<\/h3>\t\t\t\n\t\t\t\t<p>We provide you with smooth operation, logging, 24\/7 monitoring or cleaning from malicious code.<\/p>\n\t\t\t<a href=\"https:\/\/flowguard.io\/en\/benefits-of-flowguard\/\" target=\"_self\" role=\"button\" rel=\"noopener\">\n\t\t\t\t\t\t\tMore about FlowGuard benefits\n\t\t\t\t\t<\/a>\n\t\t\t<a href=\"https:\/\/flowguard.io\/en\/contact\/#formular\" target=\"_self\" role=\"button\" rel=\"noopener\">\n\t\t\t\t\t\t\tI want to be protected \n\t\t\t\t\t<\/a>\n\t\t\t\t<a href=\"https:\/\/flowguard.io\/en\/\" target=\"_self\" rel=\"noopener\">\n\t\t\t\t<img decoding=\"async\" src=\"https:\/\/flowguard.io\/assets\/uploads\/sites\/1325\/2020\/11\/logo-FlowGuard-white.svg\" alt=\"Logo FlowGuard_white\" height=\"49px\" width=\"166px\" title=\"logo FlowGuard white\" \/>\n\t\t\t\t<\/a>\n\t<a href=\"https:\/\/flowguard.io\/en\/demo\/\" target=\"_self\" rel=\"nofollow noopener\"><\/a>\t\t\n\t\t\t\t<img decoding=\"async\" src=\"https:\/\/flowguard.io\/assets\/uploads\/sites\/1325\/2020\/12\/small-arrow-white.svg\" alt=\"Icon Demo FlowGuard\" title=\"small arrow white\" \/>\n\t\t\t<p>Demo<\/p>\t\t\t\n\t<a href=\"https:\/\/flowguard.io\/en\/contact\/\" target=\"_self\" rel=\"nofollow noopener\"><\/a>\t\t\n\t\t\t\t<img decoding=\"async\" src=\"https:\/\/flowguard.io\/assets\/uploads\/sites\/1325\/2020\/12\/small-phone-white.svg\" alt=\"Icon Hotline FlowGuard\" title=\"small phone white\" \/>\n\t\t\t<p>Hotline<\/p>\t\t\t\n\t<p>Leave a message<\/p>\n\t<p>\u00a9 ComSource 2021<\/p>\n","protected":false},"excerpt":{"rendered":"<p>Benefits of FlowGuard Every day, FlowGuard protects against DDoS attacks by international banks, government institutions and leading e-shops. Discuss FlowGuard options with our specialists. The benefits that FlowGuard brings you will make you forever forget about your problems associated with cyber-attacks. Solution that works You are not alone in DDoS attacks &#8211; FlowGuard is behind&hellip;<\/p>\n","protected":false},"author":2232,"featured_media":0,"parent":0,"menu_order":0,"comment_status":"closed","ping_status":"closed","template":"","meta":{"inline_featured_image":false,"footnotes":""},"class_list":["post-1534","page","type-page","status-publish","hentry"],"_links":{"self":[{"href":"https:\/\/flowguard.io\/en\/wp-json\/wp\/v2\/pages\/1534","targetHints":{"allow":["GET"]}}],"collection":[{"href":"https:\/\/flowguard.io\/en\/wp-json\/wp\/v2\/pages"}],"about":[{"href":"https:\/\/flowguard.io\/en\/wp-json\/wp\/v2\/types\/page"}],"author":[{"embeddable":true,"href":"https:\/\/flowguard.io\/en\/wp-json\/wp\/v2\/users\/2232"}],"replies":[{"embeddable":true,"href":"https:\/\/flowguard.io\/en\/wp-json\/wp\/v2\/comments?post=1534"}],"version-history":[{"count":5,"href":"https:\/\/flowguard.io\/en\/wp-json\/wp\/v2\/pages\/1534\/revisions"}],"predecessor-version":[{"id":1821,"href":"https:\/\/flowguard.io\/en\/wp-json\/wp\/v2\/pages\/1534\/revisions\/1821"}],"wp:attachment":[{"href":"https:\/\/flowguard.io\/en\/wp-json\/wp\/v2\/media?parent=1534"}],"curies":[{"name":"wp","href":"https:\/\/api.w.org\/{rel}","templated":true}]}}